{"id":3,"date":"2025-04-07T16:22:37","date_gmt":"2025-04-07T14:22:37","guid":{"rendered":"http:\/\/jpmohoq.cluster100.hosting.ovh.net\/?page_id=3"},"modified":"2025-06-09T15:16:20","modified_gmt":"2025-06-09T13:16:20","slug":"mentions-legales-politique-confidentialite","status":"publish","type":"page","link":"https:\/\/vicenzi-avocat.fr\/index.php\/mentions-legales-politique-confidentialite\/","title":{"rendered":"MENTIONS LEGALES ET POLITIQUE DE CONFIDENTIALITE"},"content":{"rendered":"\t\t<div data-elementor-type=\"wp-page\" data-elementor-id=\"3\" class=\"elementor elementor-3\">\n\t\t\t\t<div class=\"elementor-element elementor-element-9fa9fd7 e-flex e-con-boxed e-con e-parent\" data-id=\"9fa9fd7\" data-element_type=\"container\">\n\t\t\t\t\t<div class=\"e-con-inner\">\n\t\t\t\t<div class=\"elementor-element elementor-element-708d523 elementor-widget elementor-widget-spacer\" data-id=\"708d523\" data-element_type=\"widget\" data-widget_type=\"spacer.default\">\n\t\t\t\t<div class=\"elementor-widget-container\">\n\t\t\t\t\t\t\t<div class=\"elementor-spacer\">\n\t\t\t<div class=\"elementor-spacer-inner\"><\/div>\n\t\t<\/div>\n\t\t\t\t\t\t<\/div>\n\t\t\t\t<\/div>\n\t\t\t\t<div class=\"elementor-element elementor-element-293e58a elementor-widget elementor-widget-page-title\" data-id=\"293e58a\" data-element_type=\"widget\" data-widget_type=\"page-title.default\">\n\t\t\t\t<div class=\"elementor-widget-container\">\n\t\t\t\t\t\t\t\n\t\t<div class=\"hfe-page-title hfe-page-title-wrapper elementor-widget-heading\">\n\n\t\t\t\t\t\t\t\t\t\t\t<a href=\"https:\/\/vicenzi-avocat.fr\">\n\t\t\t\t\t\t<h2 class=\"elementor-heading-title elementor-size-default\">\n\t\t\t\t\t\t\t\t\n\t\t\t\tMENTIONS LEGALES ET POLITIQUE DE CONFIDENTIALITE  \n\t\t\t<\/h2 > \n\t\t\t\t\t\t\t\t\t<\/a>\n\t\t\t\t\t<\/div>\n\t\t\t\t\t\t<\/div>\n\t\t\t\t<\/div>\n\t\t\t\t\t<\/div>\n\t\t\t\t<\/div>\n\t\t<div class=\"elementor-element elementor-element-89727f8 e-flex e-con-boxed e-con e-parent\" data-id=\"89727f8\" data-element_type=\"container\">\n\t\t\t\t\t<div class=\"e-con-inner\">\n\t\t\t\t<div class=\"elementor-element elementor-element-f383f24 elementor-widget elementor-widget-heading\" data-id=\"f383f24\" data-element_type=\"widget\" data-widget_type=\"heading.default\">\n\t\t\t\t<div class=\"elementor-widget-container\">\n\t\t\t\t\t<h2 class=\"elementor-heading-title elementor-size-default\">Editeur<\/h2>\t\t\t\t<\/div>\n\t\t\t\t<\/div>\n\t\t\t\t<div class=\"elementor-element elementor-element-2090aed elementor-widget elementor-widget-text-editor\" data-id=\"2090aed\" data-element_type=\"widget\" data-widget_type=\"text-editor.default\">\n\t\t\t\t<div class=\"elementor-widget-container\">\n\t\t\t\t\t\t\t\t\t<p>Orora VICENZI<br \/>Avocate inscrite au Barreau de Toulouse.<br \/>Si\u00e8ge social : 31 rue de Metz, 31000 TOULOUSE<br \/>SIRET n\u00b0 88028277700023<br \/>cabinet@vicenzi-avocat.fr<br \/>0613675190<\/p>\t\t\t\t\t\t\t\t<\/div>\n\t\t\t\t<\/div>\n\t\t\t\t<div class=\"elementor-element elementor-element-380a5d8 elementor-widget elementor-widget-heading\" data-id=\"380a5d8\" data-element_type=\"widget\" data-widget_type=\"heading.default\">\n\t\t\t\t<div class=\"elementor-widget-container\">\n\t\t\t\t\t<h2 class=\"elementor-heading-title elementor-size-default\">H\u00e9bergeur<\/h2>\t\t\t\t<\/div>\n\t\t\t\t<\/div>\n\t\t\t\t<div class=\"elementor-element elementor-element-5b2f1ec elementor-widget elementor-widget-text-editor\" data-id=\"5b2f1ec\" data-element_type=\"widget\" data-widget_type=\"text-editor.default\">\n\t\t\t\t<div class=\"elementor-widget-container\">\n\t\t\t\t\t\t\t\t\t<p><strong data-start=\"313\" data-end=\"324\">H\u00e9bergeur :<br \/><\/strong>OVH SAS<br data-start=\"324\" data-end=\"327\" \/>2 rue Kellermann<br data-start=\"343\" data-end=\"346\" \/>59100 Roubaix \u2013 France<br data-start=\"368\" data-end=\"371\" \/>T\u00e9l\u00e9phone : 1007<br data-start=\"387\" data-end=\"390\" \/>Site web : <a class=\"\" href=\"https:\/\/www.ovhcloud.com\" target=\"_blank\" rel=\"noopener\" data-start=\"401\" data-end=\"445\">www.ovhcloud.com<\/a><\/p>\n<p><br \/><strong>Directeur de publication du site\u00a0:<\/strong><br \/>Orora VICENZI<\/p>\n<p><strong>Conception et r\u00e9alisation\u00a0:<\/strong><br \/>Guillaume LEGO<br \/>Web Adapt <br \/>19 rue escoussi\u00e8res montgaillard<br \/>31000 Toulouse<br \/>SIRET : 893 709 048 00019<br \/>site web : <a href=\"https:\/\/web-adapt.fr\/\" target=\"_blank\" rel=\"noopener\">https:\/\/web-adapt.fr\/<\/a><\/p>\t\t\t\t\t\t\t\t<\/div>\n\t\t\t\t<\/div>\n\t\t\t\t<div class=\"elementor-element elementor-element-b07a5e6 elementor-widget elementor-widget-heading\" data-id=\"b07a5e6\" data-element_type=\"widget\" data-widget_type=\"heading.default\">\n\t\t\t\t<div class=\"elementor-widget-container\">\n\t\t\t\t\t<h2 class=\"elementor-heading-title elementor-size-default\">Propri\u00e9t\u00e9 intellectuelle<\/h2>\t\t\t\t<\/div>\n\t\t\t\t<\/div>\n\t\t\t\t<div class=\"elementor-element elementor-element-bd2dd54 elementor-widget elementor-widget-text-editor\" data-id=\"bd2dd54\" data-element_type=\"widget\" data-widget_type=\"text-editor.default\">\n\t\t\t\t<div class=\"elementor-widget-container\">\n\t\t\t\t\t\t\t\t\t<p>Toute la structure g\u00e9n\u00e9rale, les images, les sons, les photographies, les textes, les commentaires et les illustrations dont le site est compos\u00e9 ainsi que toutes les applications informatiques qui pourraient \u00eatre utilis\u00e9es pour faire fonctionner ce site et plus g\u00e9n\u00e9ralement tous les \u00e9l\u00e9ments reproduits ou utilis\u00e9s sur le site sont prot\u00e9g\u00e9s par les lois en vigueur au titre de la propri\u00e9t\u00e9 intellectuelle.<br \/>Ils sont la propri\u00e9t\u00e9 pleine et enti\u00e8re de l&rsquo;Editeur ou de ses partenaires. Toute reproduction, repr\u00e9sentation, utilisation ou adaptation, sous quelque forme que ce soit, de tout ou partie de ces<br \/>\u00e9l\u00e9ments, y compris les applications informatiques, sans l&rsquo;accord pr\u00e9alable et \u00e9crit de l&rsquo;Editeur, sont strictement interdites. Le fait pour l&rsquo;Editeur de ne pas engager de proc\u00e9dure d\u00e8s la prise de connaissance de ces utilisations non autoris\u00e9es ne vaut pas acceptation desdites utilisations et renonciation aux poursuites.<\/p>\t\t\t\t\t\t\t\t<\/div>\n\t\t\t\t<\/div>\n\t\t\t\t<div class=\"elementor-element elementor-element-b908e3d elementor-widget elementor-widget-heading\" data-id=\"b908e3d\" data-element_type=\"widget\" data-widget_type=\"heading.default\">\n\t\t\t\t<div class=\"elementor-widget-container\">\n\t\t\t\t\t<h2 class=\"elementor-heading-title elementor-size-default\">Responsabilit\u00e9<\/h2>\t\t\t\t<\/div>\n\t\t\t\t<\/div>\n\t\t\t\t<div class=\"elementor-element elementor-element-de63339 elementor-widget elementor-widget-text-editor\" data-id=\"de63339\" data-element_type=\"widget\" data-widget_type=\"text-editor.default\">\n\t\t\t\t<div class=\"elementor-widget-container\">\n\t\t\t\t\t\t\t\t\t<p>L\u2019Editeur n\u2019est responsable que du contenu des pages qu\u2019il \u00e9dite.<br \/>L\u2019Editeur ne peut en aucun cas \u00eatre tenu responsable de tout dommage susceptible d\u2019intervenir sur le syst\u00e8me informatique de l\u2019utilisateur et\/ou de la perte de donn\u00e9es r\u00e9sultant de l\u2019utilisation du site<br \/>par l\u2019utilisateur.<br \/>Il est \u00e9galement rappel\u00e9 que l\u2019Editeur n\u2019a aucun contr\u00f4le ni aucune responsabilit\u00e9 quant \u00e0 la cr\u00e9ation de liens vers des sites ext\u00e9rieurs au site\u00a0vicenzi-avocat.fr et quant au contenu desdits sites.<\/p>\n<p>Tout lien hypertexte vers tout ou partie du site est strictement interdit, sauf autorisation pr\u00e9alable et \u00e9crite de l&rsquo;Editeur qu\u2019il est en droit de refuser.<\/p>\t\t\t\t\t\t\t\t<\/div>\n\t\t\t\t<\/div>\n\t\t\t\t<div class=\"elementor-element elementor-element-5a2d7bb elementor-widget elementor-widget-heading\" data-id=\"5a2d7bb\" data-element_type=\"widget\" data-widget_type=\"heading.default\">\n\t\t\t\t<div class=\"elementor-widget-container\">\n\t\t\t\t\t<h2 class=\"elementor-heading-title elementor-size-default\">Traitement des donn\u00e9es \u00e0 caract\u00e8re personnel<\/h2>\t\t\t\t<\/div>\n\t\t\t\t<\/div>\n\t\t\t\t<div class=\"elementor-element elementor-element-4b2becfd elementor-widget elementor-widget-text-editor\" data-id=\"4b2becfd\" data-element_type=\"widget\" data-widget_type=\"text-editor.default\">\n\t\t\t\t<div class=\"elementor-widget-container\">\n\t\t\t\t\t\t\t\t\t<p>Conform\u00e9ment \u00e0 la loi du 6 janvier 1978 relative \u00e0 l\u2019informatique, aux fichiers et aux libert\u00e9s, nous vous informons que vous disposez d\u2019un droit d\u2019acc\u00e8s, de modification, de rectification et de suppression des donn\u00e9es qui vous concernent.<br \/>Nous vous informons \u00e9galement que le traitement de vos donn\u00e9es \u00e0 caract\u00e8re personnel est mis en \u0153uvre afin d\u2019assurer la gestion du site internet. La collecte des informations personnelles relatives \u00e0 l\u2019utilisateur ne le sont que pour le besoin de certains services propos\u00e9s. L\u2019utilisateur fournit ces informations en toute connaissance de cause, notamment lorsqu\u2019il proc\u00e8de par lui-m\u00eame \u00e0 leur saisie.<br \/>Ma\u00eetre Orora VICENZI agissant en qualit\u00e9 de directrice de la publication est responsable du traitement de ces donn\u00e9es dans les conditions pr\u00e9vues par la loi n\u00b078-17 du 6 janvier 1978 relative \u00e0 l\u2019informatique, aux fichiers et aux libert\u00e9s modifi\u00e9e et le r\u00e8glement (UE) 2016\/679 du 27 avril 2016 relatif \u00e0 la protection des donn\u00e9es \u00e0 caract\u00e8re personnel.<br \/>Aucune donn\u00e9e \u00e0 caract\u00e8re personnel n\u2019est communiqu\u00e9e \u00e0 des tiers. Ces donn\u00e9es \u00e0 caract\u00e8re personnel sont conserv\u00e9es que pendant le temps n\u00e9cessaire aux op\u00e9rations pour lesquelles elles ont \u00e9t\u00e9 collect\u00e9es et dans le respect de la r\u00e9glementation en vigueur, durant cinq ans maximum ou jusqu\u2019\u00e0 la demande expresse de suppression par l\u2019utilisateur.<br \/>Les donn\u00e9es \u00e0 caract\u00e8re personnel collect\u00e9es sont s\u00e9curis\u00e9es par une protection des donn\u00e9es renforc\u00e9e par l\u2019utilisation de moyens de s\u00e9curisation physiques et logiques.<br \/>Les utilisateurs disposent d\u2019un droit d\u2019acc\u00e8s, de rectification, d\u2019effacement des donn\u00e9es, de limitation du traitement, de retrait de leur consentement, de portabilit\u00e9, ainsi qu\u2019un droit d\u2019opposition au traitement de leurs donn\u00e9es.<br \/>Si l\u2019utilisateur souhaite exercer ses droits et obtenir communication des informations le concernant, il doit s\u2019adresser \u00e0 Orora VICENZI, 31 rue de Metz \u00e0 TOULOUSE (31000), cabinet@vicenzi-avocat.fr.<br \/>Pour toute information compl\u00e9mentaire ou r\u00e9clamation, l\u2019utilisateur peut contacter l\u2019autorit\u00e9 de contr\u00f4le.<\/p>\n<p><!-- \/wp:paragraph --><\/p>\t\t\t\t\t\t\t\t<\/div>\n\t\t\t\t<\/div>\n\t\t\t\t\t<\/div>\n\t\t\t\t<\/div>\n\t\t<div class=\"elementor-element elementor-element-74b75466 e-flex e-con-boxed e-con e-parent\" data-id=\"74b75466\" data-element_type=\"container\">\n\t\t\t\t\t<div class=\"e-con-inner\">\n\t\t\t\t\t<\/div>\n\t\t\t\t<\/div>\n\t\t\t\t<\/div>\n\t\t","protected":false},"excerpt":{"rendered":"<p>Politique de confidentialit\u00e9 Editeur Orora VICENZIAvocate inscrite au Barreau de Toulouse.Si\u00e8ge social : 31 rue de Metz, 31000 TOULOUSESIRET n\u00b0 88028277700023cabinet@vicenzi-avocat.fr0613675190 H\u00e9bergeur H\u00e9bergeur :OVH SAS2 rue Kellermann59100 Roubaix \u2013 FranceT\u00e9l\u00e9phone : 1007Site web : www.ovhcloud.com Directeur de publication du site\u00a0:Orora VICENZI Conception et r\u00e9alisation\u00a0:Guillaume LEGOWeb Adapt 19 rue escoussi\u00e8res montgaillard31000 ToulouseSIRET : 893 709 048 [&hellip;]<\/p>\n","protected":false},"author":1,"featured_media":0,"parent":0,"menu_order":0,"comment_status":"closed","ping_status":"open","template":"elementor_header_footer","meta":{"footnotes":""},"class_list":["post-3","page","type-page","status-publish","hentry"],"yoast_head":"<!-- This site is optimized with the Yoast SEO plugin v25.2 - https:\/\/yoast.com\/wordpress\/plugins\/seo\/ -->\n<title>MENTIONS LEGALES ET POLITIQUE DE CONFIDENTIALITE - Maitre Orora Vicenzi - Avocate au Barreau de Toulouse<\/title>\n<meta name=\"robots\" content=\"index, follow, max-snippet:-1, max-image-preview:large, max-video-preview:-1\" \/>\n<link rel=\"canonical\" href=\"https:\/\/vicenzi-avocat.fr\/index.php\/mentions-legales-politique-confidentialite\/\" \/>\n<meta property=\"og:locale\" content=\"fr_FR\" \/>\n<meta property=\"og:type\" content=\"article\" \/>\n<meta property=\"og:title\" content=\"MENTIONS LEGALES ET POLITIQUE DE CONFIDENTIALITE - Maitre Orora Vicenzi - Avocate au Barreau de Toulouse\" \/>\n<meta property=\"og:description\" content=\"Politique de confidentialit\u00e9 Editeur Orora VICENZIAvocate inscrite au Barreau de Toulouse.Si\u00e8ge social : 31 rue de Metz, 31000 TOULOUSESIRET n\u00b0 88028277700023cabinet@vicenzi-avocat.fr0613675190 H\u00e9bergeur H\u00e9bergeur :OVH SAS2 rue Kellermann59100 Roubaix \u2013 FranceT\u00e9l\u00e9phone : 1007Site web : www.ovhcloud.com Directeur de publication du site\u00a0:Orora VICENZI Conception et r\u00e9alisation\u00a0:Guillaume LEGOWeb Adapt 19 rue escoussi\u00e8res montgaillard31000 ToulouseSIRET : 893 709 048 [&hellip;]\" \/>\n<meta property=\"og:url\" content=\"https:\/\/vicenzi-avocat.fr\/index.php\/mentions-legales-politique-confidentialite\/\" \/>\n<meta property=\"og:site_name\" content=\"Maitre Orora Vicenzi - Avocate au Barreau de Toulouse\" \/>\n<meta property=\"article:modified_time\" content=\"2025-06-09T13:16:20+00:00\" \/>\n<meta name=\"twitter:card\" content=\"summary_large_image\" \/>\n<meta name=\"twitter:label1\" content=\"Dur\u00e9e de lecture estim\u00e9e\" \/>\n\t<meta name=\"twitter:data1\" content=\"4 minutes\" \/>\n<script type=\"application\/ld+json\" class=\"yoast-schema-graph\">{\"@context\":\"https:\/\/schema.org\",\"@graph\":[{\"@type\":\"WebPage\",\"@id\":\"https:\/\/vicenzi-avocat.fr\/index.php\/mentions-legales-politique-confidentialite\/\",\"url\":\"https:\/\/vicenzi-avocat.fr\/index.php\/mentions-legales-politique-confidentialite\/\",\"name\":\"MENTIONS LEGALES ET POLITIQUE DE CONFIDENTIALITE - Maitre Orora Vicenzi - Avocate au Barreau de Toulouse\",\"isPartOf\":{\"@id\":\"https:\/\/vicenzi-avocat.fr\/#website\"},\"datePublished\":\"2025-04-07T14:22:37+00:00\",\"dateModified\":\"2025-06-09T13:16:20+00:00\",\"breadcrumb\":{\"@id\":\"https:\/\/vicenzi-avocat.fr\/index.php\/mentions-legales-politique-confidentialite\/#breadcrumb\"},\"inLanguage\":\"fr-FR\",\"potentialAction\":[{\"@type\":\"ReadAction\",\"target\":[\"https:\/\/vicenzi-avocat.fr\/index.php\/mentions-legales-politique-confidentialite\/\"]}]},{\"@type\":\"BreadcrumbList\",\"@id\":\"https:\/\/vicenzi-avocat.fr\/index.php\/mentions-legales-politique-confidentialite\/#breadcrumb\",\"itemListElement\":[{\"@type\":\"ListItem\",\"position\":1,\"name\":\"Accueil\",\"item\":\"https:\/\/vicenzi-avocat.fr\/\"},{\"@type\":\"ListItem\",\"position\":2,\"name\":\"MENTIONS LEGALES ET POLITIQUE DE CONFIDENTIALITE\"}]},{\"@type\":\"WebSite\",\"@id\":\"https:\/\/vicenzi-avocat.fr\/#website\",\"url\":\"https:\/\/vicenzi-avocat.fr\/\",\"name\":\"Maitre Orora Vicenzi - Avocate au Barreau de Toulouse\",\"description\":\" Avocate au Barreau de Toulouse\",\"publisher\":{\"@id\":\"https:\/\/vicenzi-avocat.fr\/#organization\"},\"potentialAction\":[{\"@type\":\"SearchAction\",\"target\":{\"@type\":\"EntryPoint\",\"urlTemplate\":\"https:\/\/vicenzi-avocat.fr\/?s={search_term_string}\"},\"query-input\":{\"@type\":\"PropertyValueSpecification\",\"valueRequired\":true,\"valueName\":\"search_term_string\"}}],\"inLanguage\":\"fr-FR\"},{\"@type\":\"Organization\",\"@id\":\"https:\/\/vicenzi-avocat.fr\/#organization\",\"name\":\"Maitre Orora Vicenzi - Avocate au Barreau de Toulouse\",\"url\":\"https:\/\/vicenzi-avocat.fr\/\",\"logo\":{\"@type\":\"ImageObject\",\"inLanguage\":\"fr-FR\",\"@id\":\"https:\/\/vicenzi-avocat.fr\/#\/schema\/logo\/image\/\",\"url\":\"https:\/\/vicenzi-avocat.fr\/wp-content\/uploads\/2025\/06\/Logo-Orora-Vicenzi.svg\",\"contentUrl\":\"https:\/\/vicenzi-avocat.fr\/wp-content\/uploads\/2025\/06\/Logo-Orora-Vicenzi.svg\",\"width\":500,\"height\":500,\"caption\":\"Maitre Orora Vicenzi - Avocate au Barreau de Toulouse\"},\"image\":{\"@id\":\"https:\/\/vicenzi-avocat.fr\/#\/schema\/logo\/image\/\"}}]}<\/script>\n<!-- \/ Yoast SEO plugin. -->","yoast_head_json":{"title":"MENTIONS LEGALES ET POLITIQUE DE CONFIDENTIALITE - Maitre Orora Vicenzi - Avocate au Barreau de Toulouse","robots":{"index":"index","follow":"follow","max-snippet":"max-snippet:-1","max-image-preview":"max-image-preview:large","max-video-preview":"max-video-preview:-1"},"canonical":"https:\/\/vicenzi-avocat.fr\/index.php\/mentions-legales-politique-confidentialite\/","og_locale":"fr_FR","og_type":"article","og_title":"MENTIONS LEGALES ET POLITIQUE DE CONFIDENTIALITE - Maitre Orora Vicenzi - Avocate au Barreau de Toulouse","og_description":"Politique de confidentialit\u00e9 Editeur Orora VICENZIAvocate inscrite au Barreau de Toulouse.Si\u00e8ge social : 31 rue de Metz, 31000 TOULOUSESIRET n\u00b0 88028277700023cabinet@vicenzi-avocat.fr0613675190 H\u00e9bergeur H\u00e9bergeur :OVH SAS2 rue Kellermann59100 Roubaix \u2013 FranceT\u00e9l\u00e9phone : 1007Site web : www.ovhcloud.com Directeur de publication du site\u00a0:Orora VICENZI Conception et r\u00e9alisation\u00a0:Guillaume LEGOWeb Adapt 19 rue escoussi\u00e8res montgaillard31000 ToulouseSIRET : 893 709 048 [&hellip;]","og_url":"https:\/\/vicenzi-avocat.fr\/index.php\/mentions-legales-politique-confidentialite\/","og_site_name":"Maitre Orora Vicenzi - Avocate au Barreau de Toulouse","article_modified_time":"2025-06-09T13:16:20+00:00","twitter_card":"summary_large_image","twitter_misc":{"Dur\u00e9e de lecture estim\u00e9e":"4 minutes"},"schema":{"@context":"https:\/\/schema.org","@graph":[{"@type":"WebPage","@id":"https:\/\/vicenzi-avocat.fr\/index.php\/mentions-legales-politique-confidentialite\/","url":"https:\/\/vicenzi-avocat.fr\/index.php\/mentions-legales-politique-confidentialite\/","name":"MENTIONS LEGALES ET POLITIQUE DE CONFIDENTIALITE - Maitre Orora Vicenzi - Avocate au Barreau de Toulouse","isPartOf":{"@id":"https:\/\/vicenzi-avocat.fr\/#website"},"datePublished":"2025-04-07T14:22:37+00:00","dateModified":"2025-06-09T13:16:20+00:00","breadcrumb":{"@id":"https:\/\/vicenzi-avocat.fr\/index.php\/mentions-legales-politique-confidentialite\/#breadcrumb"},"inLanguage":"fr-FR","potentialAction":[{"@type":"ReadAction","target":["https:\/\/vicenzi-avocat.fr\/index.php\/mentions-legales-politique-confidentialite\/"]}]},{"@type":"BreadcrumbList","@id":"https:\/\/vicenzi-avocat.fr\/index.php\/mentions-legales-politique-confidentialite\/#breadcrumb","itemListElement":[{"@type":"ListItem","position":1,"name":"Accueil","item":"https:\/\/vicenzi-avocat.fr\/"},{"@type":"ListItem","position":2,"name":"MENTIONS LEGALES ET POLITIQUE DE CONFIDENTIALITE"}]},{"@type":"WebSite","@id":"https:\/\/vicenzi-avocat.fr\/#website","url":"https:\/\/vicenzi-avocat.fr\/","name":"Maitre Orora Vicenzi - Avocate au Barreau de Toulouse","description":" Avocate au Barreau de Toulouse","publisher":{"@id":"https:\/\/vicenzi-avocat.fr\/#organization"},"potentialAction":[{"@type":"SearchAction","target":{"@type":"EntryPoint","urlTemplate":"https:\/\/vicenzi-avocat.fr\/?s={search_term_string}"},"query-input":{"@type":"PropertyValueSpecification","valueRequired":true,"valueName":"search_term_string"}}],"inLanguage":"fr-FR"},{"@type":"Organization","@id":"https:\/\/vicenzi-avocat.fr\/#organization","name":"Maitre Orora Vicenzi - Avocate au Barreau de Toulouse","url":"https:\/\/vicenzi-avocat.fr\/","logo":{"@type":"ImageObject","inLanguage":"fr-FR","@id":"https:\/\/vicenzi-avocat.fr\/#\/schema\/logo\/image\/","url":"https:\/\/vicenzi-avocat.fr\/wp-content\/uploads\/2025\/06\/Logo-Orora-Vicenzi.svg","contentUrl":"https:\/\/vicenzi-avocat.fr\/wp-content\/uploads\/2025\/06\/Logo-Orora-Vicenzi.svg","width":500,"height":500,"caption":"Maitre Orora Vicenzi - Avocate au Barreau de Toulouse"},"image":{"@id":"https:\/\/vicenzi-avocat.fr\/#\/schema\/logo\/image\/"}}]}},"_links":{"self":[{"href":"https:\/\/vicenzi-avocat.fr\/index.php\/wp-json\/wp\/v2\/pages\/3","targetHints":{"allow":["GET"]}}],"collection":[{"href":"https:\/\/vicenzi-avocat.fr\/index.php\/wp-json\/wp\/v2\/pages"}],"about":[{"href":"https:\/\/vicenzi-avocat.fr\/index.php\/wp-json\/wp\/v2\/types\/page"}],"author":[{"embeddable":true,"href":"https:\/\/vicenzi-avocat.fr\/index.php\/wp-json\/wp\/v2\/users\/1"}],"replies":[{"embeddable":true,"href":"https:\/\/vicenzi-avocat.fr\/index.php\/wp-json\/wp\/v2\/comments?post=3"}],"version-history":[{"count":7,"href":"https:\/\/vicenzi-avocat.fr\/index.php\/wp-json\/wp\/v2\/pages\/3\/revisions"}],"predecessor-version":[{"id":287,"href":"https:\/\/vicenzi-avocat.fr\/index.php\/wp-json\/wp\/v2\/pages\/3\/revisions\/287"}],"wp:attachment":[{"href":"https:\/\/vicenzi-avocat.fr\/index.php\/wp-json\/wp\/v2\/media?parent=3"}],"curies":[{"name":"wp","href":"https:\/\/api.w.org\/{rel}","templated":true}]}}