{"id":250,"date":"2025-06-09T11:43:03","date_gmt":"2025-06-09T09:43:03","guid":{"rendered":"https:\/\/vicenzi-avocat.fr\/?page_id=250"},"modified":"2025-06-09T12:05:12","modified_gmt":"2025-06-09T10:05:12","slug":"avocat-en-droit-civil-a-toulouse","status":"publish","type":"page","link":"https:\/\/vicenzi-avocat.fr\/index.php\/avocat-en-droit-civil-a-toulouse\/","title":{"rendered":"Avocat en droit civil \u00e0 Toulouse"},"content":{"rendered":"\t\t<div data-elementor-type=\"wp-page\" data-elementor-id=\"250\" class=\"elementor elementor-250\">\n\t\t\t\t<div class=\"elementor-element elementor-element-08955d9 e-con-full e-flex e-con e-parent\" data-id=\"08955d9\" data-element_type=\"container\">\n\t\t<div class=\"elementor-element elementor-element-88c9a9d e-con-full e-flex e-con e-child\" data-id=\"88c9a9d\" data-element_type=\"container\" data-settings=\"{&quot;background_background&quot;:&quot;classic&quot;}\">\n\t\t\t\t<div class=\"elementor-element elementor-element-0b8b4da elementor-invisible elementor-widget elementor-widget-heading\" data-id=\"0b8b4da\" data-element_type=\"widget\" data-settings=\"{&quot;_animation&quot;:&quot;fadeIn&quot;}\" data-widget_type=\"heading.default\">\n\t\t\t\t<div class=\"elementor-widget-container\">\n\t\t\t\t\t<h1 class=\"elementor-heading-title elementor-size-default\">Avocat en droit civil \u00e0 Toulouse<\/h1>\t\t\t\t<\/div>\n\t\t\t\t<\/div>\n\t\t\t\t<\/div>\n\t\t\t\t<\/div>\n\t\t<div class=\"elementor-element elementor-element-12ea475 e-flex e-con-boxed e-con e-parent\" data-id=\"12ea475\" data-element_type=\"container\">\n\t\t\t\t\t<div class=\"e-con-inner\">\n\t\t<div class=\"elementor-element elementor-element-f4cac85 e-con-full e-flex e-con e-child\" data-id=\"f4cac85\" data-element_type=\"container\" data-settings=\"{&quot;background_background&quot;:&quot;classic&quot;}\">\n\t\t<div class=\"elementor-element elementor-element-5ab83d7 e-con-full e-flex e-con e-child\" data-id=\"5ab83d7\" data-element_type=\"container\">\n\t\t\t\t<div class=\"elementor-element elementor-element-0e2da54 elementor-widget elementor-widget-text-editor\" data-id=\"0e2da54\" data-element_type=\"widget\" data-widget_type=\"text-editor.default\">\n\t\t\t\t<div class=\"elementor-widget-container\">\n\t\t\t\t\t\t\t\t\t<p>Ma\u00eetre Orora VICENZI, avocate au Barreau de Toulouse, intervient en droit civil pour vous accompagner dans tous les aspects de la vie quotidienne : litiges entre particuliers, troubles de voisinage, conflits locatifs, responsabilit\u00e9 civile, ou encore recouvrement de cr\u00e9ances. Elle met son expertise \u00e0 votre service pour faire valoir vos droits, r\u00e9soudre les diff\u00e9rends et vous apporter des solutions juridiques claires, efficaces et adapt\u00e9es \u00e0 votre situation.<\/p>\t\t\t\t\t\t\t\t<\/div>\n\t\t\t\t<\/div>\n\t\t\t\t<\/div>\n\t\t\t\t<\/div>\n\t\t\t\t\t<\/div>\n\t\t\t\t<\/div>\n\t\t<div class=\"elementor-element elementor-element-e16d578 e-flex e-con-boxed e-con e-parent\" data-id=\"e16d578\" data-element_type=\"container\">\n\t\t\t\t\t<div class=\"e-con-inner\">\n\t\t\t\t<div class=\"elementor-element elementor-element-b1687bd elementor-widget__width-initial elementor-widget-tablet__width-inherit elementor-widget elementor-widget-toggle\" data-id=\"b1687bd\" data-element_type=\"widget\" data-widget_type=\"toggle.default\">\n\t\t\t\t<div class=\"elementor-widget-container\">\n\t\t\t\t\t\t\t<div class=\"elementor-toggle\">\n\t\t\t\t\t\t\t<div class=\"elementor-toggle-item\">\n\t\t\t\t\t<h4 id=\"elementor-tab-title-1861\" class=\"elementor-tab-title\" data-tab=\"1\" role=\"button\" aria-controls=\"elementor-tab-content-1861\" aria-expanded=\"false\">\n\t\t\t\t\t\t\t\t\t\t\t\t<span class=\"elementor-toggle-icon elementor-toggle-icon-right\" aria-hidden=\"true\">\n\t\t\t\t\t\t\t\t\t\t\t\t\t\t\t<span class=\"elementor-toggle-icon-closed\"><svg xmlns=\"http:\/\/www.w3.org\/2000\/svg\" id=\"b159ff04-3740-4ac3-96cc-b414ded50b3a\" data-name=\"Layer 1\" width=\"16\" height=\"16\" viewBox=\"0 0 16 16\"><polygon points=\"8.39 7.64 8.39 0 7.61 0 7.61 7.64 0 7.64 0 8.4 7.61 8.4 7.61 16 8.39 16 8.39 8.4 16 8.4 16 7.64 8.39 7.64\"><\/polygon><\/svg><\/span>\n\t\t\t\t\t\t\t\t<span class=\"elementor-toggle-icon-opened\"><svg xmlns=\"http:\/\/www.w3.org\/2000\/svg\" id=\"adf49d60-5815-4ece-8d49-00a021de5c06\" data-name=\"Layer 1\" width=\"16\" height=\"16\" viewBox=\"0 0 16 16\"><rect width=\"16\" height=\"16\" style=\"opacity:0\"><\/rect><rect y=\"7.64\" width=\"16\" height=\"0.76\"><\/rect><\/svg><\/span>\n\t\t\t\t\t\t\t\t\t\t\t\t\t<\/span>\n\t\t\t\t\t\t\t\t\t\t\t\t<a class=\"elementor-toggle-title\" tabindex=\"0\">Droit des contrats<\/a>\n\t\t\t\t\t<\/h4>\n\n\t\t\t\t\t<div id=\"elementor-tab-content-1861\" class=\"elementor-tab-content elementor-clearfix\" data-tab=\"1\" role=\"region\" aria-labelledby=\"elementor-tab-title-1861\"><p>N\u00e9gociation et r\u00e9daction de contrat, responsabilit\u00e9 contractuelle, interpr\u00e9tation du contrat, facture impay\u00e9e <br \/>J\u2019accompagne les entreprises dans le cadre de r\u00e9daction et n\u00e9gociation de contrats. Cette \u00e9tape est essentielle pour encadrer et r\u00e9gir la relation contractuelle tout en anticipant les \u00e9ventuelles difficult\u00e9s que les parties pourraient rencontrer dans le cadre de son ex\u00e9cution. <br \/>N\u00e9anmoins, si une difficult\u00e9 subsiste j\u2019accompagne \u00e9galement mes clients dans le cadre des proc\u00e9dures de recouvrement de factures impay\u00e9es, notamment avec des proc\u00e9dures d\u2019injonction de payer mais \u00e9galement en responsabilit\u00e9 contractuelles ou en interpr\u00e9tation du contrat. <br \/>J\u2019interviens donc \u00e0 tous les stades de la relation contractuelle. <\/p><\/div>\n\t\t\t\t<\/div>\n\t\t\t\t\t\t\t<div class=\"elementor-toggle-item\">\n\t\t\t\t\t<h4 id=\"elementor-tab-title-1862\" class=\"elementor-tab-title\" data-tab=\"2\" role=\"button\" aria-controls=\"elementor-tab-content-1862\" aria-expanded=\"false\">\n\t\t\t\t\t\t\t\t\t\t\t\t<span class=\"elementor-toggle-icon elementor-toggle-icon-right\" aria-hidden=\"true\">\n\t\t\t\t\t\t\t\t\t\t\t\t\t\t\t<span class=\"elementor-toggle-icon-closed\"><svg xmlns=\"http:\/\/www.w3.org\/2000\/svg\" id=\"b159ff04-3740-4ac3-96cc-b414ded50b3a\" data-name=\"Layer 1\" width=\"16\" height=\"16\" viewBox=\"0 0 16 16\"><polygon points=\"8.39 7.64 8.39 0 7.61 0 7.61 7.64 0 7.64 0 8.4 7.61 8.4 7.61 16 8.39 16 8.39 8.4 16 8.4 16 7.64 8.39 7.64\"><\/polygon><\/svg><\/span>\n\t\t\t\t\t\t\t\t<span class=\"elementor-toggle-icon-opened\"><svg xmlns=\"http:\/\/www.w3.org\/2000\/svg\" id=\"adf49d60-5815-4ece-8d49-00a021de5c06\" data-name=\"Layer 1\" width=\"16\" height=\"16\" viewBox=\"0 0 16 16\"><rect width=\"16\" height=\"16\" style=\"opacity:0\"><\/rect><rect y=\"7.64\" width=\"16\" height=\"0.76\"><\/rect><\/svg><\/span>\n\t\t\t\t\t\t\t\t\t\t\t\t\t<\/span>\n\t\t\t\t\t\t\t\t\t\t\t\t<a class=\"elementor-toggle-title\" tabindex=\"0\">Droit de la consommation<\/a>\n\t\t\t\t\t<\/h4>\n\n\t\t\t\t\t<div id=\"elementor-tab-content-1862\" class=\"elementor-tab-content elementor-clearfix\" data-tab=\"2\" role=\"region\" aria-labelledby=\"elementor-tab-title-1862\"><p>Protection des consommateurs dans le cadre de contrats conclus avec un professionnel, surendettement<br \/>Les particuliers ont une place particuli\u00e8rement encadr\u00e9e dans les relations contractuelles entre un professionnel et un consommateur. <br \/>Les r\u00e8gles sp\u00e9cifiques applicables en la mati\u00e8re sont tr\u00e8s importantes et permettent de prot\u00e9ger les consommateur d\u2019\u00e9ventuelles d\u00e9rives des professionnels avec lesquels ils font affaire. <br \/>J\u2019interviens donc pour permettre au consommateur de faire valoir ses droits. <br \/>En outre, dans les hypoth\u00e8ses de surendettement des particuliers j\u2019accompagne mes clients pour leur permettre de sortir de cette situation d\u2019enlisement financier particuli\u00e8rement difficile. <\/p><\/div>\n\t\t\t\t<\/div>\n\t\t\t\t\t\t\t<div class=\"elementor-toggle-item\">\n\t\t\t\t\t<h4 id=\"elementor-tab-title-1863\" class=\"elementor-tab-title\" data-tab=\"3\" role=\"button\" aria-controls=\"elementor-tab-content-1863\" aria-expanded=\"false\">\n\t\t\t\t\t\t\t\t\t\t\t\t<span class=\"elementor-toggle-icon elementor-toggle-icon-right\" aria-hidden=\"true\">\n\t\t\t\t\t\t\t\t\t\t\t\t\t\t\t<span class=\"elementor-toggle-icon-closed\"><svg xmlns=\"http:\/\/www.w3.org\/2000\/svg\" id=\"b159ff04-3740-4ac3-96cc-b414ded50b3a\" data-name=\"Layer 1\" width=\"16\" height=\"16\" viewBox=\"0 0 16 16\"><polygon points=\"8.39 7.64 8.39 0 7.61 0 7.61 7.64 0 7.64 0 8.4 7.61 8.4 7.61 16 8.39 16 8.39 8.4 16 8.4 16 7.64 8.39 7.64\"><\/polygon><\/svg><\/span>\n\t\t\t\t\t\t\t\t<span class=\"elementor-toggle-icon-opened\"><svg xmlns=\"http:\/\/www.w3.org\/2000\/svg\" id=\"adf49d60-5815-4ece-8d49-00a021de5c06\" data-name=\"Layer 1\" width=\"16\" height=\"16\" viewBox=\"0 0 16 16\"><rect width=\"16\" height=\"16\" style=\"opacity:0\"><\/rect><rect y=\"7.64\" width=\"16\" height=\"0.76\"><\/rect><\/svg><\/span>\n\t\t\t\t\t\t\t\t\t\t\t\t\t<\/span>\n\t\t\t\t\t\t\t\t\t\t\t\t<a class=\"elementor-toggle-title\" tabindex=\"0\">Bail d'habitation<\/a>\n\t\t\t\t\t<\/h4>\n\n\t\t\t\t\t<div id=\"elementor-tab-content-1863\" class=\"elementor-tab-content elementor-clearfix\" data-tab=\"3\" role=\"region\" aria-labelledby=\"elementor-tab-title-1863\"><p>Votre locataire ne paie plus son loyer, vous souhaitez engager une proc\u00e9dure d\u2019expulsion \u00e0 son encontre, j\u2019interviens en aide aux bailleurs afin de les permettre de reprendre la jouissance de leur bien. <br \/>J\u2019accompagne \u00e9galement les locataires qui font l\u2019objet d\u2019une proc\u00e9dure d\u2019expulsion pour une dette de loyer mais \u00e9galement pour toute absence de respect des clauses du bail. J\u2019accompagne mes clients afin de leur permettre de trouver une solution pour rester dans le bien immobilier et \u00e0 d\u00e9faut pour s\u2019assurer que les demandes du bailleur sont justifi\u00e9es. <br \/>La proc\u00e9dure tendant aux expulsions d\u2019un locataire r\u00e9pond \u00e0 une proc\u00e9dure stricte qu\u2019il convient de respecter. <\/p><\/div>\n\t\t\t\t<\/div>\n\t\t\t\t\t\t\t\t<\/div>\n\t\t\t\t\t\t<\/div>\n\t\t\t\t<\/div>\n\t\t\t\t\t<\/div>\n\t\t\t\t<\/div>\n\t\t\t\t<\/div>\n\t\t","protected":false},"excerpt":{"rendered":"<p>Avocat en droit civil \u00e0 Toulouse Ma\u00eetre Orora VICENZI, avocate au Barreau de Toulouse, intervient en droit civil pour vous accompagner dans tous les aspects de la vie quotidienne : litiges entre particuliers, troubles de voisinage, conflits locatifs, responsabilit\u00e9 civile, ou encore recouvrement de cr\u00e9ances. Elle met son expertise \u00e0 votre service pour faire valoir [&hellip;]<\/p>\n","protected":false},"author":2,"featured_media":0,"parent":0,"menu_order":0,"comment_status":"closed","ping_status":"closed","template":"elementor_header_footer","meta":{"footnotes":""},"class_list":["post-250","page","type-page","status-publish","hentry"],"yoast_head":"<!-- This site is optimized with the Yoast SEO plugin v25.2 - https:\/\/yoast.com\/wordpress\/plugins\/seo\/ -->\n<title>Avocat en droit civil \u00e0 Toulouse - Maitre Orora Vicenzi - Avocate au Barreau de Toulouse<\/title>\n<meta name=\"description\" content=\"Avocat droit des victimes \u00e0 Toulouse. Ma\u00eetre VICENZI vous accompagne pour accidents, agressions et erreurs m\u00e9dicales. Obtenez r\u00e9paration de vos pr\u00e9judices\" \/>\n<meta name=\"robots\" content=\"index, follow, max-snippet:-1, max-image-preview:large, max-video-preview:-1\" \/>\n<link rel=\"canonical\" href=\"https:\/\/vicenzi-avocat.fr\/index.php\/avocat-en-droit-civil-a-toulouse\/\" \/>\n<meta property=\"og:locale\" content=\"fr_FR\" \/>\n<meta property=\"og:type\" content=\"article\" \/>\n<meta property=\"og:title\" content=\"Avocat en droit civil \u00e0 Toulouse - Maitre Orora Vicenzi - Avocate au Barreau de Toulouse\" \/>\n<meta property=\"og:description\" content=\"Avocat droit des victimes \u00e0 Toulouse. Ma\u00eetre VICENZI vous accompagne pour accidents, agressions et erreurs m\u00e9dicales. Obtenez r\u00e9paration de vos pr\u00e9judices\" \/>\n<meta property=\"og:url\" content=\"https:\/\/vicenzi-avocat.fr\/index.php\/avocat-en-droit-civil-a-toulouse\/\" \/>\n<meta property=\"og:site_name\" content=\"Maitre Orora Vicenzi - Avocate au Barreau de Toulouse\" \/>\n<meta property=\"article:modified_time\" content=\"2025-06-09T10:05:12+00:00\" \/>\n<meta name=\"twitter:card\" content=\"summary_large_image\" \/>\n<meta name=\"twitter:label1\" content=\"Dur\u00e9e de lecture estim\u00e9e\" \/>\n\t<meta name=\"twitter:data1\" content=\"2 minutes\" \/>\n<script type=\"application\/ld+json\" class=\"yoast-schema-graph\">{\"@context\":\"https:\/\/schema.org\",\"@graph\":[{\"@type\":\"WebPage\",\"@id\":\"https:\/\/vicenzi-avocat.fr\/index.php\/avocat-en-droit-civil-a-toulouse\/\",\"url\":\"https:\/\/vicenzi-avocat.fr\/index.php\/avocat-en-droit-civil-a-toulouse\/\",\"name\":\"Avocat en droit civil \u00e0 Toulouse - Maitre Orora Vicenzi - Avocate au Barreau de Toulouse\",\"isPartOf\":{\"@id\":\"https:\/\/vicenzi-avocat.fr\/#website\"},\"datePublished\":\"2025-06-09T09:43:03+00:00\",\"dateModified\":\"2025-06-09T10:05:12+00:00\",\"description\":\"Avocat droit des victimes \u00e0 Toulouse. Ma\u00eetre VICENZI vous accompagne pour accidents, agressions et erreurs m\u00e9dicales. Obtenez r\u00e9paration de vos pr\u00e9judices\",\"breadcrumb\":{\"@id\":\"https:\/\/vicenzi-avocat.fr\/index.php\/avocat-en-droit-civil-a-toulouse\/#breadcrumb\"},\"inLanguage\":\"fr-FR\",\"potentialAction\":[{\"@type\":\"ReadAction\",\"target\":[\"https:\/\/vicenzi-avocat.fr\/index.php\/avocat-en-droit-civil-a-toulouse\/\"]}]},{\"@type\":\"BreadcrumbList\",\"@id\":\"https:\/\/vicenzi-avocat.fr\/index.php\/avocat-en-droit-civil-a-toulouse\/#breadcrumb\",\"itemListElement\":[{\"@type\":\"ListItem\",\"position\":1,\"name\":\"Accueil\",\"item\":\"https:\/\/vicenzi-avocat.fr\/\"},{\"@type\":\"ListItem\",\"position\":2,\"name\":\"Avocat en droit civil \u00e0 Toulouse\"}]},{\"@type\":\"WebSite\",\"@id\":\"https:\/\/vicenzi-avocat.fr\/#website\",\"url\":\"https:\/\/vicenzi-avocat.fr\/\",\"name\":\"Maitre Orora Vicenzi - Avocate au Barreau de Toulouse\",\"description\":\" Avocate au Barreau de Toulouse\",\"publisher\":{\"@id\":\"https:\/\/vicenzi-avocat.fr\/#organization\"},\"potentialAction\":[{\"@type\":\"SearchAction\",\"target\":{\"@type\":\"EntryPoint\",\"urlTemplate\":\"https:\/\/vicenzi-avocat.fr\/?s={search_term_string}\"},\"query-input\":{\"@type\":\"PropertyValueSpecification\",\"valueRequired\":true,\"valueName\":\"search_term_string\"}}],\"inLanguage\":\"fr-FR\"},{\"@type\":\"Organization\",\"@id\":\"https:\/\/vicenzi-avocat.fr\/#organization\",\"name\":\"Maitre Orora Vicenzi - Avocate au Barreau de Toulouse\",\"url\":\"https:\/\/vicenzi-avocat.fr\/\",\"logo\":{\"@type\":\"ImageObject\",\"inLanguage\":\"fr-FR\",\"@id\":\"https:\/\/vicenzi-avocat.fr\/#\/schema\/logo\/image\/\",\"url\":\"https:\/\/vicenzi-avocat.fr\/wp-content\/uploads\/2025\/06\/Logo-Orora-Vicenzi.svg\",\"contentUrl\":\"https:\/\/vicenzi-avocat.fr\/wp-content\/uploads\/2025\/06\/Logo-Orora-Vicenzi.svg\",\"width\":500,\"height\":500,\"caption\":\"Maitre Orora Vicenzi - Avocate au Barreau de Toulouse\"},\"image\":{\"@id\":\"https:\/\/vicenzi-avocat.fr\/#\/schema\/logo\/image\/\"}}]}<\/script>\n<!-- \/ Yoast SEO plugin. -->","yoast_head_json":{"title":"Avocat en droit civil \u00e0 Toulouse - Maitre Orora Vicenzi - Avocate au Barreau de Toulouse","description":"Avocat droit des victimes \u00e0 Toulouse. Ma\u00eetre VICENZI vous accompagne pour accidents, agressions et erreurs m\u00e9dicales. Obtenez r\u00e9paration de vos pr\u00e9judices","robots":{"index":"index","follow":"follow","max-snippet":"max-snippet:-1","max-image-preview":"max-image-preview:large","max-video-preview":"max-video-preview:-1"},"canonical":"https:\/\/vicenzi-avocat.fr\/index.php\/avocat-en-droit-civil-a-toulouse\/","og_locale":"fr_FR","og_type":"article","og_title":"Avocat en droit civil \u00e0 Toulouse - Maitre Orora Vicenzi - Avocate au Barreau de Toulouse","og_description":"Avocat droit des victimes \u00e0 Toulouse. Ma\u00eetre VICENZI vous accompagne pour accidents, agressions et erreurs m\u00e9dicales. Obtenez r\u00e9paration de vos pr\u00e9judices","og_url":"https:\/\/vicenzi-avocat.fr\/index.php\/avocat-en-droit-civil-a-toulouse\/","og_site_name":"Maitre Orora Vicenzi - Avocate au Barreau de Toulouse","article_modified_time":"2025-06-09T10:05:12+00:00","twitter_card":"summary_large_image","twitter_misc":{"Dur\u00e9e de lecture estim\u00e9e":"2 minutes"},"schema":{"@context":"https:\/\/schema.org","@graph":[{"@type":"WebPage","@id":"https:\/\/vicenzi-avocat.fr\/index.php\/avocat-en-droit-civil-a-toulouse\/","url":"https:\/\/vicenzi-avocat.fr\/index.php\/avocat-en-droit-civil-a-toulouse\/","name":"Avocat en droit civil \u00e0 Toulouse - Maitre Orora Vicenzi - Avocate au Barreau de Toulouse","isPartOf":{"@id":"https:\/\/vicenzi-avocat.fr\/#website"},"datePublished":"2025-06-09T09:43:03+00:00","dateModified":"2025-06-09T10:05:12+00:00","description":"Avocat droit des victimes \u00e0 Toulouse. Ma\u00eetre VICENZI vous accompagne pour accidents, agressions et erreurs m\u00e9dicales. Obtenez r\u00e9paration de vos pr\u00e9judices","breadcrumb":{"@id":"https:\/\/vicenzi-avocat.fr\/index.php\/avocat-en-droit-civil-a-toulouse\/#breadcrumb"},"inLanguage":"fr-FR","potentialAction":[{"@type":"ReadAction","target":["https:\/\/vicenzi-avocat.fr\/index.php\/avocat-en-droit-civil-a-toulouse\/"]}]},{"@type":"BreadcrumbList","@id":"https:\/\/vicenzi-avocat.fr\/index.php\/avocat-en-droit-civil-a-toulouse\/#breadcrumb","itemListElement":[{"@type":"ListItem","position":1,"name":"Accueil","item":"https:\/\/vicenzi-avocat.fr\/"},{"@type":"ListItem","position":2,"name":"Avocat en droit civil \u00e0 Toulouse"}]},{"@type":"WebSite","@id":"https:\/\/vicenzi-avocat.fr\/#website","url":"https:\/\/vicenzi-avocat.fr\/","name":"Maitre Orora Vicenzi - Avocate au Barreau de Toulouse","description":" Avocate au Barreau de Toulouse","publisher":{"@id":"https:\/\/vicenzi-avocat.fr\/#organization"},"potentialAction":[{"@type":"SearchAction","target":{"@type":"EntryPoint","urlTemplate":"https:\/\/vicenzi-avocat.fr\/?s={search_term_string}"},"query-input":{"@type":"PropertyValueSpecification","valueRequired":true,"valueName":"search_term_string"}}],"inLanguage":"fr-FR"},{"@type":"Organization","@id":"https:\/\/vicenzi-avocat.fr\/#organization","name":"Maitre Orora Vicenzi - Avocate au Barreau de Toulouse","url":"https:\/\/vicenzi-avocat.fr\/","logo":{"@type":"ImageObject","inLanguage":"fr-FR","@id":"https:\/\/vicenzi-avocat.fr\/#\/schema\/logo\/image\/","url":"https:\/\/vicenzi-avocat.fr\/wp-content\/uploads\/2025\/06\/Logo-Orora-Vicenzi.svg","contentUrl":"https:\/\/vicenzi-avocat.fr\/wp-content\/uploads\/2025\/06\/Logo-Orora-Vicenzi.svg","width":500,"height":500,"caption":"Maitre Orora Vicenzi - Avocate au Barreau de Toulouse"},"image":{"@id":"https:\/\/vicenzi-avocat.fr\/#\/schema\/logo\/image\/"}}]}},"_links":{"self":[{"href":"https:\/\/vicenzi-avocat.fr\/index.php\/wp-json\/wp\/v2\/pages\/250","targetHints":{"allow":["GET"]}}],"collection":[{"href":"https:\/\/vicenzi-avocat.fr\/index.php\/wp-json\/wp\/v2\/pages"}],"about":[{"href":"https:\/\/vicenzi-avocat.fr\/index.php\/wp-json\/wp\/v2\/types\/page"}],"author":[{"embeddable":true,"href":"https:\/\/vicenzi-avocat.fr\/index.php\/wp-json\/wp\/v2\/users\/2"}],"replies":[{"embeddable":true,"href":"https:\/\/vicenzi-avocat.fr\/index.php\/wp-json\/wp\/v2\/comments?post=250"}],"version-history":[{"count":8,"href":"https:\/\/vicenzi-avocat.fr\/index.php\/wp-json\/wp\/v2\/pages\/250\/revisions"}],"predecessor-version":[{"id":262,"href":"https:\/\/vicenzi-avocat.fr\/index.php\/wp-json\/wp\/v2\/pages\/250\/revisions\/262"}],"wp:attachment":[{"href":"https:\/\/vicenzi-avocat.fr\/index.php\/wp-json\/wp\/v2\/media?parent=250"}],"curies":[{"name":"wp","href":"https:\/\/api.w.org\/{rel}","templated":true}]}}