{"id":241,"date":"2025-06-09T11:38:09","date_gmt":"2025-06-09T09:38:09","guid":{"rendered":"https:\/\/vicenzi-avocat.fr\/?page_id=241"},"modified":"2025-06-09T12:07:54","modified_gmt":"2025-06-09T10:07:54","slug":"avocat-en-droit-des-enfants-a-toulouse","status":"publish","type":"page","link":"https:\/\/vicenzi-avocat.fr\/index.php\/avocat-en-droit-des-enfants-a-toulouse\/","title":{"rendered":"Avocat en droit des enfants \u00e0 Toulouse"},"content":{"rendered":"\t\t<div data-elementor-type=\"wp-page\" data-elementor-id=\"241\" class=\"elementor elementor-241\">\n\t\t\t\t<div class=\"elementor-element elementor-element-08955d9 e-con-full e-flex e-con e-parent\" data-id=\"08955d9\" data-element_type=\"container\">\n\t\t<div class=\"elementor-element elementor-element-88c9a9d e-con-full e-flex e-con e-child\" data-id=\"88c9a9d\" data-element_type=\"container\" data-settings=\"{&quot;background_background&quot;:&quot;classic&quot;}\">\n\t\t\t\t<div class=\"elementor-element elementor-element-0b8b4da elementor-invisible elementor-widget elementor-widget-heading\" data-id=\"0b8b4da\" data-element_type=\"widget\" data-settings=\"{&quot;_animation&quot;:&quot;fadeIn&quot;}\" data-widget_type=\"heading.default\">\n\t\t\t\t<div class=\"elementor-widget-container\">\n\t\t\t\t\t<h1 class=\"elementor-heading-title elementor-size-default\">Avocat en droit des enfants \u00e0 Toulouse<\/h1>\t\t\t\t<\/div>\n\t\t\t\t<\/div>\n\t\t\t\t<\/div>\n\t\t\t\t<\/div>\n\t\t<div class=\"elementor-element elementor-element-12ea475 e-flex e-con-boxed e-con e-parent\" data-id=\"12ea475\" data-element_type=\"container\">\n\t\t\t\t\t<div class=\"e-con-inner\">\n\t\t<div class=\"elementor-element elementor-element-f4cac85 e-con-full e-flex e-con e-child\" data-id=\"f4cac85\" data-element_type=\"container\" data-settings=\"{&quot;background_background&quot;:&quot;classic&quot;}\">\n\t\t<div class=\"elementor-element elementor-element-5ab83d7 e-con-full e-flex e-con e-child\" data-id=\"5ab83d7\" data-element_type=\"container\">\n\t\t\t\t<div class=\"elementor-element elementor-element-0e2da54 elementor-widget elementor-widget-text-editor\" data-id=\"0e2da54\" data-element_type=\"widget\" data-widget_type=\"text-editor.default\">\n\t\t\t\t<div class=\"elementor-widget-container\">\n\t\t\t\t\t\t\t\t\t<p>Ma\u00eetre Orora VICENZI, avocate au Barreau de Toulouse, veille \u00e0 la protection des droits des enfants dans toutes les situations qui les concernent : r\u00e9sidence, droit de visite, autorit\u00e9 parentale, assistance \u00e9ducative, ou encore protection contre les violences. Chaque enfant a droit \u00e0 une \u00e9coute et \u00e0 une d\u00e9fense adapt\u00e9e \u00e0 son int\u00e9r\u00eat sup\u00e9rieur. Elle agit avec bienveillance et d\u00e9termination pour garantir \u00e0 chaque enfant un cadre juridique s\u00e9curisant et respectueux de ses besoins.<\/p>\t\t\t\t\t\t\t\t<\/div>\n\t\t\t\t<\/div>\n\t\t\t\t<\/div>\n\t\t\t\t<\/div>\n\t\t\t\t\t<\/div>\n\t\t\t\t<\/div>\n\t\t<div class=\"elementor-element elementor-element-e16d578 e-flex e-con-boxed e-con e-parent\" data-id=\"e16d578\" data-element_type=\"container\">\n\t\t\t\t\t<div class=\"e-con-inner\">\n\t\t\t\t<div class=\"elementor-element elementor-element-b1687bd elementor-widget__width-initial elementor-widget-tablet__width-inherit elementor-widget elementor-widget-toggle\" data-id=\"b1687bd\" data-element_type=\"widget\" data-widget_type=\"toggle.default\">\n\t\t\t\t<div class=\"elementor-widget-container\">\n\t\t\t\t\t\t\t<div class=\"elementor-toggle\">\n\t\t\t\t\t\t\t<div class=\"elementor-toggle-item\">\n\t\t\t\t\t<h4 id=\"elementor-tab-title-1861\" class=\"elementor-tab-title\" data-tab=\"1\" role=\"button\" aria-controls=\"elementor-tab-content-1861\" aria-expanded=\"false\">\n\t\t\t\t\t\t\t\t\t\t\t\t<span class=\"elementor-toggle-icon elementor-toggle-icon-right\" aria-hidden=\"true\">\n\t\t\t\t\t\t\t\t\t\t\t\t\t\t\t<span class=\"elementor-toggle-icon-closed\"><svg xmlns=\"http:\/\/www.w3.org\/2000\/svg\" id=\"b159ff04-3740-4ac3-96cc-b414ded50b3a\" data-name=\"Layer 1\" width=\"16\" height=\"16\" viewBox=\"0 0 16 16\"><polygon points=\"8.39 7.64 8.39 0 7.61 0 7.61 7.64 0 7.64 0 8.4 7.61 8.4 7.61 16 8.39 16 8.39 8.4 16 8.4 16 7.64 8.39 7.64\"><\/polygon><\/svg><\/span>\n\t\t\t\t\t\t\t\t<span class=\"elementor-toggle-icon-opened\"><svg xmlns=\"http:\/\/www.w3.org\/2000\/svg\" id=\"adf49d60-5815-4ece-8d49-00a021de5c06\" data-name=\"Layer 1\" width=\"16\" height=\"16\" viewBox=\"0 0 16 16\"><rect width=\"16\" height=\"16\" style=\"opacity:0\"><\/rect><rect y=\"7.64\" width=\"16\" height=\"0.76\"><\/rect><\/svg><\/span>\n\t\t\t\t\t\t\t\t\t\t\t\t\t<\/span>\n\t\t\t\t\t\t\t\t\t\t\t\t<a class=\"elementor-toggle-title\" tabindex=\"0\">Repr\u00e9sentation des mineurs auteurs d\u2019infractions p\u00e9nales<\/a>\n\t\t\t\t\t<\/h4>\n\n\t\t\t\t\t<div id=\"elementor-tab-content-1861\" class=\"elementor-tab-content elementor-clearfix\" data-tab=\"1\" role=\"region\" aria-labelledby=\"elementor-tab-title-1861\"><p>Accompagnement des enfants dans le cadre de la garde \u00e0 vue, l\u2019audition libre, devant le Procureur de la R\u00e9publique, le juge des libert\u00e9s de la d\u00e9tention, le juge des enfants et le Tribunal pour enfants <br \/>Avocate d\u2019enfant et membre de l\u2019AJT (Avocats des Jeunes de Toulouse) j\u2019interviens aupr\u00e8s des enfants afin d\u2019assurer leur d\u00e9fense d\u00e8s qu\u2019ils sont mis en cause pour avoir commis une infraction p\u00e9nale. <br \/>J\u2019accompagne les enfants d\u00e8s le cadre de la la garde \u00e0 vue, l\u2019audition libre mais \u00e9galement devant le Procureur de la R\u00e9publique, le juge des libert\u00e9s de la d\u00e9tention, le cas \u00e9ch\u00e9ant, le juge des enfants et le Tribunal pour enfants. <br \/>J\u2019assure la d\u00e9fense des int\u00e9r\u00eats des mineurs \u00e0 tous les stades de la proc\u00e9dure p\u00e9nale.<\/p><\/div>\n\t\t\t\t<\/div>\n\t\t\t\t\t\t\t<div class=\"elementor-toggle-item\">\n\t\t\t\t\t<h4 id=\"elementor-tab-title-1862\" class=\"elementor-tab-title\" data-tab=\"2\" role=\"button\" aria-controls=\"elementor-tab-content-1862\" aria-expanded=\"false\">\n\t\t\t\t\t\t\t\t\t\t\t\t<span class=\"elementor-toggle-icon elementor-toggle-icon-right\" aria-hidden=\"true\">\n\t\t\t\t\t\t\t\t\t\t\t\t\t\t\t<span class=\"elementor-toggle-icon-closed\"><svg xmlns=\"http:\/\/www.w3.org\/2000\/svg\" id=\"b159ff04-3740-4ac3-96cc-b414ded50b3a\" data-name=\"Layer 1\" width=\"16\" height=\"16\" viewBox=\"0 0 16 16\"><polygon points=\"8.39 7.64 8.39 0 7.61 0 7.61 7.64 0 7.64 0 8.4 7.61 8.4 7.61 16 8.39 16 8.39 8.4 16 8.4 16 7.64 8.39 7.64\"><\/polygon><\/svg><\/span>\n\t\t\t\t\t\t\t\t<span class=\"elementor-toggle-icon-opened\"><svg xmlns=\"http:\/\/www.w3.org\/2000\/svg\" id=\"adf49d60-5815-4ece-8d49-00a021de5c06\" data-name=\"Layer 1\" width=\"16\" height=\"16\" viewBox=\"0 0 16 16\"><rect width=\"16\" height=\"16\" style=\"opacity:0\"><\/rect><rect y=\"7.64\" width=\"16\" height=\"0.76\"><\/rect><\/svg><\/span>\n\t\t\t\t\t\t\t\t\t\t\t\t\t<\/span>\n\t\t\t\t\t\t\t\t\t\t\t\t<a class=\"elementor-toggle-title\" tabindex=\"0\">Intervention en mati\u00e8re d\u2019assistance \u00e9ducative<\/a>\n\t\t\t\t\t<\/h4>\n\n\t\t\t\t\t<div id=\"elementor-tab-content-1862\" class=\"elementor-tab-content elementor-clearfix\" data-tab=\"2\" role=\"region\" aria-labelledby=\"elementor-tab-title-1862\"><p>D\u00e9fense des int\u00e9r\u00eats de l\u2019enfant en danger dans le cadre de son environnement familial<br \/>L\u2019assistance \u00e9ducative est une proc\u00e9dure qui a pour vocation de prot\u00e9ger les enfants si leur sant\u00e9, leur s\u00e9curit\u00e9 ou leur moralit\u00e9 sont en danger, ou si les conditions de leur \u00e9ducation ou de leur d\u00e9veloppement physique, affectif, intellectuel et social sont gravement compromises.<br \/>Dans cette hypoth\u00e8se, le juge des enfants peut \u00eatre amen\u00e9e \u00e0 intervenir pour pr\u00e9voir un accompagnement de la famille et dans les cas dans lesquels les enfants sont le plus en danger une placement aupr\u00e8s de l\u2019aide sociale \u00e0 l\u2019enfance. <br \/>J\u2019accompagne les familles dans le cadre tant de la proc\u00e9dure d\u2019assistance \u00e9ducative, que dans le cadre de l\u2019ex\u00e9cution de la mesure prononc\u00e9e afin notamment de faire le lien avec le juge des enfants pour s\u2019assurer du respect des droits de chacun. <\/p><\/div>\n\t\t\t\t<\/div>\n\t\t\t\t\t\t\t\t<\/div>\n\t\t\t\t\t\t<\/div>\n\t\t\t\t<\/div>\n\t\t\t\t\t<\/div>\n\t\t\t\t<\/div>\n\t\t\t\t<\/div>\n\t\t","protected":false},"excerpt":{"rendered":"<p>Avocat en droit des enfants \u00e0 Toulouse Ma\u00eetre Orora VICENZI, avocate au Barreau de Toulouse, veille \u00e0 la protection des droits des enfants dans toutes les situations qui les concernent : r\u00e9sidence, droit de visite, autorit\u00e9 parentale, assistance \u00e9ducative, ou encore protection contre les violences. Chaque enfant a droit \u00e0 une \u00e9coute et \u00e0 une [&hellip;]<\/p>\n","protected":false},"author":2,"featured_media":0,"parent":0,"menu_order":0,"comment_status":"closed","ping_status":"closed","template":"elementor_header_footer","meta":{"footnotes":""},"class_list":["post-241","page","type-page","status-publish","hentry"],"yoast_head":"<!-- This site is optimized with the Yoast SEO plugin v25.2 - https:\/\/yoast.com\/wordpress\/plugins\/seo\/ -->\n<title>Avocat en droit des enfants \u00e0 Toulouse - Maitre Orora Vicenzi - Avocate au Barreau de Toulouse<\/title>\n<meta name=\"description\" content=\"Avocat droit des victimes \u00e0 Toulouse. Ma\u00eetre VICENZI vous accompagne pour accidents, agressions et erreurs m\u00e9dicales. Obtenez r\u00e9paration de vos pr\u00e9judices\" \/>\n<meta name=\"robots\" content=\"index, follow, max-snippet:-1, max-image-preview:large, max-video-preview:-1\" \/>\n<link rel=\"canonical\" href=\"https:\/\/vicenzi-avocat.fr\/index.php\/avocat-en-droit-des-enfants-a-toulouse\/\" \/>\n<meta property=\"og:locale\" content=\"fr_FR\" \/>\n<meta property=\"og:type\" content=\"article\" \/>\n<meta property=\"og:title\" content=\"Avocat en droit des enfants \u00e0 Toulouse - Maitre Orora Vicenzi - Avocate au Barreau de Toulouse\" \/>\n<meta property=\"og:description\" content=\"Avocat droit des victimes \u00e0 Toulouse. Ma\u00eetre VICENZI vous accompagne pour accidents, agressions et erreurs m\u00e9dicales. Obtenez r\u00e9paration de vos pr\u00e9judices\" \/>\n<meta property=\"og:url\" content=\"https:\/\/vicenzi-avocat.fr\/index.php\/avocat-en-droit-des-enfants-a-toulouse\/\" \/>\n<meta property=\"og:site_name\" content=\"Maitre Orora Vicenzi - Avocate au Barreau de Toulouse\" \/>\n<meta property=\"article:modified_time\" content=\"2025-06-09T10:07:54+00:00\" \/>\n<meta name=\"twitter:card\" content=\"summary_large_image\" \/>\n<meta name=\"twitter:label1\" content=\"Dur\u00e9e de lecture estim\u00e9e\" \/>\n\t<meta name=\"twitter:data1\" content=\"2 minutes\" \/>\n<script type=\"application\/ld+json\" class=\"yoast-schema-graph\">{\"@context\":\"https:\/\/schema.org\",\"@graph\":[{\"@type\":\"WebPage\",\"@id\":\"https:\/\/vicenzi-avocat.fr\/index.php\/avocat-en-droit-des-enfants-a-toulouse\/\",\"url\":\"https:\/\/vicenzi-avocat.fr\/index.php\/avocat-en-droit-des-enfants-a-toulouse\/\",\"name\":\"Avocat en droit des enfants \u00e0 Toulouse - Maitre Orora Vicenzi - Avocate au Barreau de Toulouse\",\"isPartOf\":{\"@id\":\"https:\/\/vicenzi-avocat.fr\/#website\"},\"datePublished\":\"2025-06-09T09:38:09+00:00\",\"dateModified\":\"2025-06-09T10:07:54+00:00\",\"description\":\"Avocat droit des victimes \u00e0 Toulouse. Ma\u00eetre VICENZI vous accompagne pour accidents, agressions et erreurs m\u00e9dicales. Obtenez r\u00e9paration de vos pr\u00e9judices\",\"breadcrumb\":{\"@id\":\"https:\/\/vicenzi-avocat.fr\/index.php\/avocat-en-droit-des-enfants-a-toulouse\/#breadcrumb\"},\"inLanguage\":\"fr-FR\",\"potentialAction\":[{\"@type\":\"ReadAction\",\"target\":[\"https:\/\/vicenzi-avocat.fr\/index.php\/avocat-en-droit-des-enfants-a-toulouse\/\"]}]},{\"@type\":\"BreadcrumbList\",\"@id\":\"https:\/\/vicenzi-avocat.fr\/index.php\/avocat-en-droit-des-enfants-a-toulouse\/#breadcrumb\",\"itemListElement\":[{\"@type\":\"ListItem\",\"position\":1,\"name\":\"Accueil\",\"item\":\"https:\/\/vicenzi-avocat.fr\/\"},{\"@type\":\"ListItem\",\"position\":2,\"name\":\"Avocat en droit des enfants \u00e0 Toulouse\"}]},{\"@type\":\"WebSite\",\"@id\":\"https:\/\/vicenzi-avocat.fr\/#website\",\"url\":\"https:\/\/vicenzi-avocat.fr\/\",\"name\":\"Maitre Orora Vicenzi - Avocate au Barreau de Toulouse\",\"description\":\" Avocate au Barreau de Toulouse\",\"publisher\":{\"@id\":\"https:\/\/vicenzi-avocat.fr\/#organization\"},\"potentialAction\":[{\"@type\":\"SearchAction\",\"target\":{\"@type\":\"EntryPoint\",\"urlTemplate\":\"https:\/\/vicenzi-avocat.fr\/?s={search_term_string}\"},\"query-input\":{\"@type\":\"PropertyValueSpecification\",\"valueRequired\":true,\"valueName\":\"search_term_string\"}}],\"inLanguage\":\"fr-FR\"},{\"@type\":\"Organization\",\"@id\":\"https:\/\/vicenzi-avocat.fr\/#organization\",\"name\":\"Maitre Orora Vicenzi - Avocate au Barreau de Toulouse\",\"url\":\"https:\/\/vicenzi-avocat.fr\/\",\"logo\":{\"@type\":\"ImageObject\",\"inLanguage\":\"fr-FR\",\"@id\":\"https:\/\/vicenzi-avocat.fr\/#\/schema\/logo\/image\/\",\"url\":\"https:\/\/vicenzi-avocat.fr\/wp-content\/uploads\/2025\/06\/Logo-Orora-Vicenzi.svg\",\"contentUrl\":\"https:\/\/vicenzi-avocat.fr\/wp-content\/uploads\/2025\/06\/Logo-Orora-Vicenzi.svg\",\"width\":500,\"height\":500,\"caption\":\"Maitre Orora Vicenzi - Avocate au Barreau de Toulouse\"},\"image\":{\"@id\":\"https:\/\/vicenzi-avocat.fr\/#\/schema\/logo\/image\/\"}}]}<\/script>\n<!-- \/ Yoast SEO plugin. -->","yoast_head_json":{"title":"Avocat en droit des enfants \u00e0 Toulouse - Maitre Orora Vicenzi - Avocate au Barreau de Toulouse","description":"Avocat droit des victimes \u00e0 Toulouse. Ma\u00eetre VICENZI vous accompagne pour accidents, agressions et erreurs m\u00e9dicales. Obtenez r\u00e9paration de vos pr\u00e9judices","robots":{"index":"index","follow":"follow","max-snippet":"max-snippet:-1","max-image-preview":"max-image-preview:large","max-video-preview":"max-video-preview:-1"},"canonical":"https:\/\/vicenzi-avocat.fr\/index.php\/avocat-en-droit-des-enfants-a-toulouse\/","og_locale":"fr_FR","og_type":"article","og_title":"Avocat en droit des enfants \u00e0 Toulouse - Maitre Orora Vicenzi - Avocate au Barreau de Toulouse","og_description":"Avocat droit des victimes \u00e0 Toulouse. Ma\u00eetre VICENZI vous accompagne pour accidents, agressions et erreurs m\u00e9dicales. Obtenez r\u00e9paration de vos pr\u00e9judices","og_url":"https:\/\/vicenzi-avocat.fr\/index.php\/avocat-en-droit-des-enfants-a-toulouse\/","og_site_name":"Maitre Orora Vicenzi - Avocate au Barreau de Toulouse","article_modified_time":"2025-06-09T10:07:54+00:00","twitter_card":"summary_large_image","twitter_misc":{"Dur\u00e9e de lecture estim\u00e9e":"2 minutes"},"schema":{"@context":"https:\/\/schema.org","@graph":[{"@type":"WebPage","@id":"https:\/\/vicenzi-avocat.fr\/index.php\/avocat-en-droit-des-enfants-a-toulouse\/","url":"https:\/\/vicenzi-avocat.fr\/index.php\/avocat-en-droit-des-enfants-a-toulouse\/","name":"Avocat en droit des enfants \u00e0 Toulouse - Maitre Orora Vicenzi - Avocate au Barreau de Toulouse","isPartOf":{"@id":"https:\/\/vicenzi-avocat.fr\/#website"},"datePublished":"2025-06-09T09:38:09+00:00","dateModified":"2025-06-09T10:07:54+00:00","description":"Avocat droit des victimes \u00e0 Toulouse. Ma\u00eetre VICENZI vous accompagne pour accidents, agressions et erreurs m\u00e9dicales. Obtenez r\u00e9paration de vos pr\u00e9judices","breadcrumb":{"@id":"https:\/\/vicenzi-avocat.fr\/index.php\/avocat-en-droit-des-enfants-a-toulouse\/#breadcrumb"},"inLanguage":"fr-FR","potentialAction":[{"@type":"ReadAction","target":["https:\/\/vicenzi-avocat.fr\/index.php\/avocat-en-droit-des-enfants-a-toulouse\/"]}]},{"@type":"BreadcrumbList","@id":"https:\/\/vicenzi-avocat.fr\/index.php\/avocat-en-droit-des-enfants-a-toulouse\/#breadcrumb","itemListElement":[{"@type":"ListItem","position":1,"name":"Accueil","item":"https:\/\/vicenzi-avocat.fr\/"},{"@type":"ListItem","position":2,"name":"Avocat en droit des enfants \u00e0 Toulouse"}]},{"@type":"WebSite","@id":"https:\/\/vicenzi-avocat.fr\/#website","url":"https:\/\/vicenzi-avocat.fr\/","name":"Maitre Orora Vicenzi - Avocate au Barreau de Toulouse","description":" Avocate au Barreau de Toulouse","publisher":{"@id":"https:\/\/vicenzi-avocat.fr\/#organization"},"potentialAction":[{"@type":"SearchAction","target":{"@type":"EntryPoint","urlTemplate":"https:\/\/vicenzi-avocat.fr\/?s={search_term_string}"},"query-input":{"@type":"PropertyValueSpecification","valueRequired":true,"valueName":"search_term_string"}}],"inLanguage":"fr-FR"},{"@type":"Organization","@id":"https:\/\/vicenzi-avocat.fr\/#organization","name":"Maitre Orora Vicenzi - Avocate au Barreau de Toulouse","url":"https:\/\/vicenzi-avocat.fr\/","logo":{"@type":"ImageObject","inLanguage":"fr-FR","@id":"https:\/\/vicenzi-avocat.fr\/#\/schema\/logo\/image\/","url":"https:\/\/vicenzi-avocat.fr\/wp-content\/uploads\/2025\/06\/Logo-Orora-Vicenzi.svg","contentUrl":"https:\/\/vicenzi-avocat.fr\/wp-content\/uploads\/2025\/06\/Logo-Orora-Vicenzi.svg","width":500,"height":500,"caption":"Maitre Orora Vicenzi - Avocate au Barreau de Toulouse"},"image":{"@id":"https:\/\/vicenzi-avocat.fr\/#\/schema\/logo\/image\/"}}]}},"_links":{"self":[{"href":"https:\/\/vicenzi-avocat.fr\/index.php\/wp-json\/wp\/v2\/pages\/241","targetHints":{"allow":["GET"]}}],"collection":[{"href":"https:\/\/vicenzi-avocat.fr\/index.php\/wp-json\/wp\/v2\/pages"}],"about":[{"href":"https:\/\/vicenzi-avocat.fr\/index.php\/wp-json\/wp\/v2\/types\/page"}],"author":[{"embeddable":true,"href":"https:\/\/vicenzi-avocat.fr\/index.php\/wp-json\/wp\/v2\/users\/2"}],"replies":[{"embeddable":true,"href":"https:\/\/vicenzi-avocat.fr\/index.php\/wp-json\/wp\/v2\/comments?post=241"}],"version-history":[{"count":8,"href":"https:\/\/vicenzi-avocat.fr\/index.php\/wp-json\/wp\/v2\/pages\/241\/revisions"}],"predecessor-version":[{"id":276,"href":"https:\/\/vicenzi-avocat.fr\/index.php\/wp-json\/wp\/v2\/pages\/241\/revisions\/276"}],"wp:attachment":[{"href":"https:\/\/vicenzi-avocat.fr\/index.php\/wp-json\/wp\/v2\/media?parent=241"}],"curies":[{"name":"wp","href":"https:\/\/api.w.org\/{rel}","templated":true}]}}