{"id":105,"date":"2025-05-01T15:27:08","date_gmt":"2025-05-01T13:27:08","guid":{"rendered":"https:\/\/vicenzi-avocat.fr\/?page_id=105"},"modified":"2025-06-09T11:37:25","modified_gmt":"2025-06-09T09:37:25","slug":"avocat-droit-des-victimes-toulouse","status":"publish","type":"page","link":"https:\/\/vicenzi-avocat.fr\/index.php\/avocat-droit-des-victimes-toulouse\/","title":{"rendered":"Avocat en droit des victimes \u00e0 Toulouse"},"content":{"rendered":"\t\t<div data-elementor-type=\"wp-page\" data-elementor-id=\"105\" class=\"elementor elementor-105\">\n\t\t\t\t<div class=\"elementor-element elementor-element-08955d9 e-con-full e-flex e-con e-parent\" data-id=\"08955d9\" data-element_type=\"container\">\n\t\t<div class=\"elementor-element elementor-element-88c9a9d e-con-full e-flex e-con e-child\" data-id=\"88c9a9d\" data-element_type=\"container\" data-settings=\"{&quot;background_background&quot;:&quot;classic&quot;}\">\n\t\t\t\t<div class=\"elementor-element elementor-element-0b8b4da elementor-invisible elementor-widget elementor-widget-heading\" data-id=\"0b8b4da\" data-element_type=\"widget\" data-settings=\"{&quot;_animation&quot;:&quot;fadeIn&quot;}\" data-widget_type=\"heading.default\">\n\t\t\t\t<div class=\"elementor-widget-container\">\n\t\t\t\t\t<h1 class=\"elementor-heading-title elementor-size-default\">Avocat en droit des victimes \u00e0 Toulouse<\/h1>\t\t\t\t<\/div>\n\t\t\t\t<\/div>\n\t\t\t\t<\/div>\n\t\t\t\t<\/div>\n\t\t<div class=\"elementor-element elementor-element-12ea475 e-flex e-con-boxed e-con e-parent\" data-id=\"12ea475\" data-element_type=\"container\">\n\t\t\t\t\t<div class=\"e-con-inner\">\n\t\t<div class=\"elementor-element elementor-element-f4cac85 e-con-full e-flex e-con e-child\" data-id=\"f4cac85\" data-element_type=\"container\" data-settings=\"{&quot;background_background&quot;:&quot;classic&quot;}\">\n\t\t<div class=\"elementor-element elementor-element-5ab83d7 e-con-full e-flex e-con e-child\" data-id=\"5ab83d7\" data-element_type=\"container\">\n\t\t\t\t<div class=\"elementor-element elementor-element-0e2da54 elementor-widget elementor-widget-text-editor\" data-id=\"0e2da54\" data-element_type=\"widget\" data-widget_type=\"text-editor.default\">\n\t\t\t\t<div class=\"elementor-widget-container\">\n\t\t\t\t\t\t\t\t\t<p>Ma\u00eetre Orora VICENZI, avocate au Barreau de Toulouse, accompagne les victimes dans la reconnaissance de leurs droits et l&rsquo;obtention d&rsquo;une juste indemnisation de leurs pr\u00e9judices. Face \u00e0 une situation traumatisante (accident, agression, erreur m\u00e9dicale), il est essentiel d&rsquo;\u00eatre assist\u00e9 par un professionnel qui d\u00e9fendra vos int\u00e9r\u00eats tout au long de la proc\u00e9dure d&rsquo;indemnisation.<\/p>\t\t\t\t\t\t\t\t<\/div>\n\t\t\t\t<\/div>\n\t\t\t\t<\/div>\n\t\t\t\t<\/div>\n\t\t\t\t\t<\/div>\n\t\t\t\t<\/div>\n\t\t<div class=\"elementor-element elementor-element-e16d578 e-flex e-con-boxed e-con e-parent\" data-id=\"e16d578\" data-element_type=\"container\">\n\t\t\t\t\t<div class=\"e-con-inner\">\n\t\t\t\t<div class=\"elementor-element elementor-element-b1687bd elementor-widget__width-initial elementor-widget-tablet__width-inherit elementor-widget elementor-widget-toggle\" data-id=\"b1687bd\" data-element_type=\"widget\" data-widget_type=\"toggle.default\">\n\t\t\t\t<div class=\"elementor-widget-container\">\n\t\t\t\t\t\t\t<div class=\"elementor-toggle\">\n\t\t\t\t\t\t\t<div class=\"elementor-toggle-item\">\n\t\t\t\t\t<h4 id=\"elementor-tab-title-1861\" class=\"elementor-tab-title\" data-tab=\"1\" role=\"button\" aria-controls=\"elementor-tab-content-1861\" aria-expanded=\"false\">\n\t\t\t\t\t\t\t\t\t\t\t\t<span class=\"elementor-toggle-icon elementor-toggle-icon-right\" aria-hidden=\"true\">\n\t\t\t\t\t\t\t\t\t\t\t\t\t\t\t<span class=\"elementor-toggle-icon-closed\"><svg xmlns=\"http:\/\/www.w3.org\/2000\/svg\" id=\"b159ff04-3740-4ac3-96cc-b414ded50b3a\" data-name=\"Layer 1\" width=\"16\" height=\"16\" viewBox=\"0 0 16 16\"><polygon points=\"8.39 7.64 8.39 0 7.61 0 7.61 7.64 0 7.64 0 8.4 7.61 8.4 7.61 16 8.39 16 8.39 8.4 16 8.4 16 7.64 8.39 7.64\"><\/polygon><\/svg><\/span>\n\t\t\t\t\t\t\t\t<span class=\"elementor-toggle-icon-opened\"><svg xmlns=\"http:\/\/www.w3.org\/2000\/svg\" id=\"adf49d60-5815-4ece-8d49-00a021de5c06\" data-name=\"Layer 1\" width=\"16\" height=\"16\" viewBox=\"0 0 16 16\"><rect width=\"16\" height=\"16\" style=\"opacity:0\"><\/rect><rect y=\"7.64\" width=\"16\" height=\"0.76\"><\/rect><\/svg><\/span>\n\t\t\t\t\t\t\t\t\t\t\t\t\t<\/span>\n\t\t\t\t\t\t\t\t\t\t\t\t<a class=\"elementor-toggle-title\" tabindex=\"0\">Accidents de circulation<\/a>\n\t\t\t\t\t<\/h4>\n\n\t\t\t\t\t<div id=\"elementor-tab-content-1861\" class=\"elementor-tab-content elementor-clearfix\" data-tab=\"1\" role=\"region\" aria-labelledby=\"elementor-tab-title-1861\"><p>Victime d&rsquo;un accident de la route \u00e0 Toulouse ou dans sa r\u00e9gion ? Ma\u00eetre VICENZI vous accompagne quelle que soit votre situation :<\/p><ul><li>Accidents impliquant tous types de v\u00e9hicules (voiture, moto, v\u00e9lo, trottinette)<\/li><li>Accidents impliquant des pi\u00e9tons<\/li><li>Pr\u00e9judices corporels et moraux<\/li><li>D\u00e9fense contre les assureurs<\/li><li>Obtention d&rsquo;une indemnisation juste et compl\u00e8te<\/li><\/ul><p>Face aux compagnies d&rsquo;assurance qui cherchent souvent \u00e0 minimiser les indemnisations, l&rsquo;assistance d&rsquo;un avocat sp\u00e9cialis\u00e9 est indispensable pour faire valoir vos droits.<\/p><\/div>\n\t\t\t\t<\/div>\n\t\t\t\t\t\t\t<div class=\"elementor-toggle-item\">\n\t\t\t\t\t<h4 id=\"elementor-tab-title-1862\" class=\"elementor-tab-title\" data-tab=\"2\" role=\"button\" aria-controls=\"elementor-tab-content-1862\" aria-expanded=\"false\">\n\t\t\t\t\t\t\t\t\t\t\t\t<span class=\"elementor-toggle-icon elementor-toggle-icon-right\" aria-hidden=\"true\">\n\t\t\t\t\t\t\t\t\t\t\t\t\t\t\t<span class=\"elementor-toggle-icon-closed\"><svg xmlns=\"http:\/\/www.w3.org\/2000\/svg\" id=\"b159ff04-3740-4ac3-96cc-b414ded50b3a\" data-name=\"Layer 1\" width=\"16\" height=\"16\" viewBox=\"0 0 16 16\"><polygon points=\"8.39 7.64 8.39 0 7.61 0 7.61 7.64 0 7.64 0 8.4 7.61 8.4 7.61 16 8.39 16 8.39 8.4 16 8.4 16 7.64 8.39 7.64\"><\/polygon><\/svg><\/span>\n\t\t\t\t\t\t\t\t<span class=\"elementor-toggle-icon-opened\"><svg xmlns=\"http:\/\/www.w3.org\/2000\/svg\" id=\"adf49d60-5815-4ece-8d49-00a021de5c06\" data-name=\"Layer 1\" width=\"16\" height=\"16\" viewBox=\"0 0 16 16\"><rect width=\"16\" height=\"16\" style=\"opacity:0\"><\/rect><rect y=\"7.64\" width=\"16\" height=\"0.76\"><\/rect><\/svg><\/span>\n\t\t\t\t\t\t\t\t\t\t\t\t\t<\/span>\n\t\t\t\t\t\t\t\t\t\t\t\t<a class=\"elementor-toggle-title\" tabindex=\"0\">Agressions et violences<\/a>\n\t\t\t\t\t<\/h4>\n\n\t\t\t\t\t<div id=\"elementor-tab-content-1862\" class=\"elementor-tab-content elementor-clearfix\" data-tab=\"2\" role=\"region\" aria-labelledby=\"elementor-tab-title-1862\"><p>Si vous avez \u00e9t\u00e9 victime d&rsquo;agressions physiques ou psychologiques, Ma\u00eetre VICENZI vous apporte son soutien juridique pour :<\/p><ul><li>Les violences volontaires (coups et blessures)<\/li><li>Les violences involontaires ayant caus\u00e9 un pr\u00e9judice<\/li><li>Le harc\u00e8lement moral ou physique<\/li><li>Les agressions sexuelles<\/li><li>La d\u00e9fense de vos droits devant les juridictions p\u00e9nales<\/li><li>L&rsquo;obtention d&rsquo;une r\u00e9paration financi\u00e8re de vos pr\u00e9judices<\/li><\/ul><\/div>\n\t\t\t\t<\/div>\n\t\t\t\t\t\t\t<div class=\"elementor-toggle-item\">\n\t\t\t\t\t<h4 id=\"elementor-tab-title-1863\" class=\"elementor-tab-title\" data-tab=\"3\" role=\"button\" aria-controls=\"elementor-tab-content-1863\" aria-expanded=\"false\">\n\t\t\t\t\t\t\t\t\t\t\t\t<span class=\"elementor-toggle-icon elementor-toggle-icon-right\" aria-hidden=\"true\">\n\t\t\t\t\t\t\t\t\t\t\t\t\t\t\t<span class=\"elementor-toggle-icon-closed\"><svg xmlns=\"http:\/\/www.w3.org\/2000\/svg\" id=\"b159ff04-3740-4ac3-96cc-b414ded50b3a\" data-name=\"Layer 1\" width=\"16\" height=\"16\" viewBox=\"0 0 16 16\"><polygon points=\"8.39 7.64 8.39 0 7.61 0 7.61 7.64 0 7.64 0 8.4 7.61 8.4 7.61 16 8.39 16 8.39 8.4 16 8.4 16 7.64 8.39 7.64\"><\/polygon><\/svg><\/span>\n\t\t\t\t\t\t\t\t<span class=\"elementor-toggle-icon-opened\"><svg xmlns=\"http:\/\/www.w3.org\/2000\/svg\" id=\"adf49d60-5815-4ece-8d49-00a021de5c06\" data-name=\"Layer 1\" width=\"16\" height=\"16\" viewBox=\"0 0 16 16\"><rect width=\"16\" height=\"16\" style=\"opacity:0\"><\/rect><rect y=\"7.64\" width=\"16\" height=\"0.76\"><\/rect><\/svg><\/span>\n\t\t\t\t\t\t\t\t\t\t\t\t\t<\/span>\n\t\t\t\t\t\t\t\t\t\t\t\t<a class=\"elementor-toggle-title\" tabindex=\"0\">Accidents de la vie courante<\/a>\n\t\t\t\t\t<\/h4>\n\n\t\t\t\t\t<div id=\"elementor-tab-content-1863\" class=\"elementor-tab-content elementor-clearfix\" data-tab=\"3\" role=\"region\" aria-labelledby=\"elementor-tab-title-1863\"><p>Les accidents survenus lors d&rsquo;activit\u00e9s quotidiennes ou sportives peuvent entra\u00eener des pr\u00e9judices importants. Ma\u00eetre VICENZI vous assiste pour :<\/p><ul><li>Les accidents dans les lieux publics ou priv\u00e9s<\/li><li>Les accidents sportifs et leurs cons\u00e9quences<\/li><li>Les chutes et traumatismes divers<\/li><li>La mise en cause des responsabilit\u00e9s<\/li><li>L&rsquo;indemnisation des pr\u00e9judices subis<\/li><\/ul><\/div>\n\t\t\t\t<\/div>\n\t\t\t\t\t\t\t<div class=\"elementor-toggle-item\">\n\t\t\t\t\t<h4 id=\"elementor-tab-title-1864\" class=\"elementor-tab-title\" data-tab=\"4\" role=\"button\" aria-controls=\"elementor-tab-content-1864\" aria-expanded=\"false\">\n\t\t\t\t\t\t\t\t\t\t\t\t<span class=\"elementor-toggle-icon elementor-toggle-icon-right\" aria-hidden=\"true\">\n\t\t\t\t\t\t\t\t\t\t\t\t\t\t\t<span class=\"elementor-toggle-icon-closed\"><svg xmlns=\"http:\/\/www.w3.org\/2000\/svg\" id=\"b159ff04-3740-4ac3-96cc-b414ded50b3a\" data-name=\"Layer 1\" width=\"16\" height=\"16\" viewBox=\"0 0 16 16\"><polygon points=\"8.39 7.64 8.39 0 7.61 0 7.61 7.64 0 7.64 0 8.4 7.61 8.4 7.61 16 8.39 16 8.39 8.4 16 8.4 16 7.64 8.39 7.64\"><\/polygon><\/svg><\/span>\n\t\t\t\t\t\t\t\t<span class=\"elementor-toggle-icon-opened\"><svg xmlns=\"http:\/\/www.w3.org\/2000\/svg\" id=\"adf49d60-5815-4ece-8d49-00a021de5c06\" data-name=\"Layer 1\" width=\"16\" height=\"16\" viewBox=\"0 0 16 16\"><rect width=\"16\" height=\"16\" style=\"opacity:0\"><\/rect><rect y=\"7.64\" width=\"16\" height=\"0.76\"><\/rect><\/svg><\/span>\n\t\t\t\t\t\t\t\t\t\t\t\t\t<\/span>\n\t\t\t\t\t\t\t\t\t\t\t\t<a class=\"elementor-toggle-title\" tabindex=\"0\">Responsabilit\u00e9 m\u00e9dicale<\/a>\n\t\t\t\t\t<\/h4>\n\n\t\t\t\t\t<div id=\"elementor-tab-content-1864\" class=\"elementor-tab-content elementor-clearfix\" data-tab=\"4\" role=\"region\" aria-labelledby=\"elementor-tab-title-1864\"><p>Face \u00e0 une erreur m\u00e9dicale ou un d\u00e9faut d&rsquo;information, Ma\u00eetre VICENZI met son expertise \u00e0 votre service pour :<\/p><ul><li>Les cas d&rsquo;erreurs m\u00e9dicales et fautes techniques<\/li><li>Les infections nosocomiales contract\u00e9es en milieu hospitalier<\/li><li>Les al\u00e9as th\u00e9rapeutiques<\/li><li>Le d\u00e9faut d&rsquo;information ou de consentement<\/li><li>Les proc\u00e9dures devant les commissions de conciliation (CCI)<\/li><li>Les actions contre les \u00e9tablissements de sant\u00e9 ou praticiens<\/li><\/ul><p>Ces dossiers complexes n\u00e9cessitent une expertise juridique pointue et une connaissance approfondie du domaine m\u00e9dical.<\/p><\/div>\n\t\t\t\t<\/div>\n\t\t\t\t\t\t\t<div class=\"elementor-toggle-item\">\n\t\t\t\t\t<h4 id=\"elementor-tab-title-1865\" class=\"elementor-tab-title\" data-tab=\"5\" role=\"button\" aria-controls=\"elementor-tab-content-1865\" aria-expanded=\"false\">\n\t\t\t\t\t\t\t\t\t\t\t\t<span class=\"elementor-toggle-icon elementor-toggle-icon-right\" aria-hidden=\"true\">\n\t\t\t\t\t\t\t\t\t\t\t\t\t\t\t<span class=\"elementor-toggle-icon-closed\"><svg xmlns=\"http:\/\/www.w3.org\/2000\/svg\" id=\"b159ff04-3740-4ac3-96cc-b414ded50b3a\" data-name=\"Layer 1\" width=\"16\" height=\"16\" viewBox=\"0 0 16 16\"><polygon points=\"8.39 7.64 8.39 0 7.61 0 7.61 7.64 0 7.64 0 8.4 7.61 8.4 7.61 16 8.39 16 8.39 8.4 16 8.4 16 7.64 8.39 7.64\"><\/polygon><\/svg><\/span>\n\t\t\t\t\t\t\t\t<span class=\"elementor-toggle-icon-opened\"><svg xmlns=\"http:\/\/www.w3.org\/2000\/svg\" id=\"adf49d60-5815-4ece-8d49-00a021de5c06\" data-name=\"Layer 1\" width=\"16\" height=\"16\" viewBox=\"0 0 16 16\"><rect width=\"16\" height=\"16\" style=\"opacity:0\"><\/rect><rect y=\"7.64\" width=\"16\" height=\"0.76\"><\/rect><\/svg><\/span>\n\t\t\t\t\t\t\t\t\t\t\t\t\t<\/span>\n\t\t\t\t\t\t\t\t\t\t\t\t<a class=\"elementor-toggle-title\" tabindex=\"0\">Responsabilit\u00e9 du fait des produits d\u00e9fectueux<\/a>\n\t\t\t\t\t<\/h4>\n\n\t\t\t\t\t<div id=\"elementor-tab-content-1865\" class=\"elementor-tab-content elementor-clearfix\" data-tab=\"5\" role=\"region\" aria-labelledby=\"elementor-tab-title-1865\"><p>Si vous avez subi un pr\u00e9judice li\u00e9 \u00e0 un produit d\u00e9fectueux, Ma\u00eetre VICENZI vous accompagne dans vos d\u00e9marches concernant :<\/p><ul><li>Les m\u00e9dicaments ayant entra\u00een\u00e9 des effets ind\u00e9sirables graves<\/li><li>Les dispositifs m\u00e9dicaux d\u00e9fectueux<\/li><li>Les produits de consommation dangereux<\/li><li>La mise en cause de la responsabilit\u00e9 des fabricants<\/li><li>L&rsquo;obtention d&rsquo;une indemnisation ad\u00e9quate<\/li><\/ul><\/div>\n\t\t\t\t<\/div>\n\t\t\t\t\t\t\t<div class=\"elementor-toggle-item\">\n\t\t\t\t\t<h4 id=\"elementor-tab-title-1866\" class=\"elementor-tab-title\" data-tab=\"6\" role=\"button\" aria-controls=\"elementor-tab-content-1866\" aria-expanded=\"false\">\n\t\t\t\t\t\t\t\t\t\t\t\t<span class=\"elementor-toggle-icon elementor-toggle-icon-right\" aria-hidden=\"true\">\n\t\t\t\t\t\t\t\t\t\t\t\t\t\t\t<span class=\"elementor-toggle-icon-closed\"><svg xmlns=\"http:\/\/www.w3.org\/2000\/svg\" id=\"b159ff04-3740-4ac3-96cc-b414ded50b3a\" data-name=\"Layer 1\" width=\"16\" height=\"16\" viewBox=\"0 0 16 16\"><polygon points=\"8.39 7.64 8.39 0 7.61 0 7.61 7.64 0 7.64 0 8.4 7.61 8.4 7.61 16 8.39 16 8.39 8.4 16 8.4 16 7.64 8.39 7.64\"><\/polygon><\/svg><\/span>\n\t\t\t\t\t\t\t\t<span class=\"elementor-toggle-icon-opened\"><svg xmlns=\"http:\/\/www.w3.org\/2000\/svg\" id=\"adf49d60-5815-4ece-8d49-00a021de5c06\" data-name=\"Layer 1\" width=\"16\" height=\"16\" viewBox=\"0 0 16 16\"><rect width=\"16\" height=\"16\" style=\"opacity:0\"><\/rect><rect y=\"7.64\" width=\"16\" height=\"0.76\"><\/rect><\/svg><\/span>\n\t\t\t\t\t\t\t\t\t\t\t\t\t<\/span>\n\t\t\t\t\t\t\t\t\t\t\t\t<a class=\"elementor-toggle-title\" tabindex=\"0\">R\u00e9paration du dommage corporel<\/a>\n\t\t\t\t\t<\/h4>\n\n\t\t\t\t\t<div id=\"elementor-tab-content-1866\" class=\"elementor-tab-content elementor-clearfix\" data-tab=\"6\" role=\"region\" aria-labelledby=\"elementor-tab-title-1866\"><p>La r\u00e9paration int\u00e9grale du pr\u00e9judice est un droit fondamental pour toute victime. Ma\u00eetre VICENZI vous accompagne pour :<\/p><ul><li>L&rsquo;\u00e9valuation compl\u00e8te de tous vos pr\u00e9judices (corporels, moraux, \u00e9conomiques)<\/li><li>L&rsquo;assistance lors des expertises m\u00e9dicales<\/li><li>La contestation des conclusions d&rsquo;expertise si n\u00e9cessaire<\/li><li>La n\u00e9gociation avec les assureurs et organismes d&rsquo;indemnisation<\/li><li>Les proc\u00e9dures judiciaires pour obtenir une juste indemnisation<\/li><li>Le suivi jusqu&rsquo;\u00e0 l&rsquo;indemnisation d\u00e9finitive<\/li><\/ul><\/div>\n\t\t\t\t<\/div>\n\t\t\t\t\t\t\t<div class=\"elementor-toggle-item\">\n\t\t\t\t\t<h4 id=\"elementor-tab-title-1867\" class=\"elementor-tab-title\" data-tab=\"7\" role=\"button\" aria-controls=\"elementor-tab-content-1867\" aria-expanded=\"false\">\n\t\t\t\t\t\t\t\t\t\t\t\t<span class=\"elementor-toggle-icon elementor-toggle-icon-right\" aria-hidden=\"true\">\n\t\t\t\t\t\t\t\t\t\t\t\t\t\t\t<span class=\"elementor-toggle-icon-closed\"><svg xmlns=\"http:\/\/www.w3.org\/2000\/svg\" id=\"b159ff04-3740-4ac3-96cc-b414ded50b3a\" data-name=\"Layer 1\" width=\"16\" height=\"16\" viewBox=\"0 0 16 16\"><polygon points=\"8.39 7.64 8.39 0 7.61 0 7.61 7.64 0 7.64 0 8.4 7.61 8.4 7.61 16 8.39 16 8.39 8.4 16 8.4 16 7.64 8.39 7.64\"><\/polygon><\/svg><\/span>\n\t\t\t\t\t\t\t\t<span class=\"elementor-toggle-icon-opened\"><svg xmlns=\"http:\/\/www.w3.org\/2000\/svg\" id=\"adf49d60-5815-4ece-8d49-00a021de5c06\" data-name=\"Layer 1\" width=\"16\" height=\"16\" viewBox=\"0 0 16 16\"><rect width=\"16\" height=\"16\" style=\"opacity:0\"><\/rect><rect y=\"7.64\" width=\"16\" height=\"0.76\"><\/rect><\/svg><\/span>\n\t\t\t\t\t\t\t\t\t\t\t\t\t<\/span>\n\t\t\t\t\t\t\t\t\t\t\t\t<a class=\"elementor-toggle-title\" tabindex=\"0\">Assistance et repr\u00e9sentation judiciaire<\/a>\n\t\t\t\t\t<\/h4>\n\n\t\t\t\t\t<div id=\"elementor-tab-content-1867\" class=\"elementor-tab-content elementor-clearfix\" data-tab=\"7\" role=\"region\" aria-labelledby=\"elementor-tab-title-1867\"><p>Ma\u00eetre VICENZI vous repr\u00e9sente devant toutes les juridictions :<\/p><ul><li>Tribunaux civils pour l&rsquo;indemnisation des pr\u00e9judices<\/li><li>Tribunaux correctionnels en cas d&rsquo;infractions p\u00e9nales<\/li><li>Commissions d&rsquo;indemnisation des victimes d&rsquo;infractions (CIVI)<\/li><li>Fonds de garantie (FGTI, FGAO)<\/li><li>Commissions de conciliation et d&rsquo;indemnisation (CCI)<\/li><\/ul><\/div>\n\t\t\t\t<\/div>\n\t\t\t\t\t\t\t\t<\/div>\n\t\t\t\t\t\t<\/div>\n\t\t\t\t<\/div>\n\t\t\t\t\t<\/div>\n\t\t\t\t<\/div>\n\t\t\t\t<\/div>\n\t\t","protected":false},"excerpt":{"rendered":"<p>Avocat en droit des victimes \u00e0 Toulouse Ma\u00eetre Orora VICENZI, avocate au Barreau de Toulouse, accompagne les victimes dans la reconnaissance de leurs droits et l&rsquo;obtention d&rsquo;une juste indemnisation de leurs pr\u00e9judices. Face \u00e0 une situation traumatisante (accident, agression, erreur m\u00e9dicale), il est essentiel d&rsquo;\u00eatre assist\u00e9 par un professionnel qui d\u00e9fendra vos int\u00e9r\u00eats tout au [&hellip;]<\/p>\n","protected":false},"author":2,"featured_media":0,"parent":0,"menu_order":0,"comment_status":"closed","ping_status":"closed","template":"elementor_header_footer","meta":{"footnotes":""},"class_list":["post-105","page","type-page","status-publish","hentry"],"yoast_head":"<!-- This site is optimized with the Yoast SEO plugin v25.2 - https:\/\/yoast.com\/wordpress\/plugins\/seo\/ -->\n<title>Avocat en droit des victimes \u00e0 Toulouse - Maitre Orora Vicenzi - Avocate au Barreau de Toulouse<\/title>\n<meta name=\"description\" content=\"Avocat droit des victimes \u00e0 Toulouse. Ma\u00eetre VICENZI vous accompagne pour accidents, agressions et erreurs m\u00e9dicales. Obtenez r\u00e9paration de vos pr\u00e9judices\" \/>\n<meta name=\"robots\" content=\"index, follow, max-snippet:-1, max-image-preview:large, max-video-preview:-1\" \/>\n<link rel=\"canonical\" href=\"https:\/\/vicenzi-avocat.fr\/index.php\/avocat-droit-des-victimes-toulouse\/\" \/>\n<meta property=\"og:locale\" content=\"fr_FR\" \/>\n<meta property=\"og:type\" content=\"article\" \/>\n<meta property=\"og:title\" content=\"Avocat en droit des victimes \u00e0 Toulouse - Maitre Orora Vicenzi - Avocate au Barreau de Toulouse\" \/>\n<meta property=\"og:description\" content=\"Avocat droit des victimes \u00e0 Toulouse. Ma\u00eetre VICENZI vous accompagne pour accidents, agressions et erreurs m\u00e9dicales. Obtenez r\u00e9paration de vos pr\u00e9judices\" \/>\n<meta property=\"og:url\" content=\"https:\/\/vicenzi-avocat.fr\/index.php\/avocat-droit-des-victimes-toulouse\/\" \/>\n<meta property=\"og:site_name\" content=\"Maitre Orora Vicenzi - Avocate au Barreau de Toulouse\" \/>\n<meta property=\"article:modified_time\" content=\"2025-06-09T09:37:25+00:00\" \/>\n<meta name=\"twitter:card\" content=\"summary_large_image\" \/>\n<meta name=\"twitter:label1\" content=\"Dur\u00e9e de lecture estim\u00e9e\" \/>\n\t<meta name=\"twitter:data1\" content=\"3 minutes\" \/>\n<script type=\"application\/ld+json\" class=\"yoast-schema-graph\">{\"@context\":\"https:\/\/schema.org\",\"@graph\":[{\"@type\":\"WebPage\",\"@id\":\"https:\/\/vicenzi-avocat.fr\/index.php\/avocat-droit-des-victimes-toulouse\/\",\"url\":\"https:\/\/vicenzi-avocat.fr\/index.php\/avocat-droit-des-victimes-toulouse\/\",\"name\":\"Avocat en droit des victimes \u00e0 Toulouse - Maitre Orora Vicenzi - Avocate au Barreau de Toulouse\",\"isPartOf\":{\"@id\":\"https:\/\/vicenzi-avocat.fr\/#website\"},\"datePublished\":\"2025-05-01T13:27:08+00:00\",\"dateModified\":\"2025-06-09T09:37:25+00:00\",\"description\":\"Avocat droit des victimes \u00e0 Toulouse. Ma\u00eetre VICENZI vous accompagne pour accidents, agressions et erreurs m\u00e9dicales. Obtenez r\u00e9paration de vos pr\u00e9judices\",\"breadcrumb\":{\"@id\":\"https:\/\/vicenzi-avocat.fr\/index.php\/avocat-droit-des-victimes-toulouse\/#breadcrumb\"},\"inLanguage\":\"fr-FR\",\"potentialAction\":[{\"@type\":\"ReadAction\",\"target\":[\"https:\/\/vicenzi-avocat.fr\/index.php\/avocat-droit-des-victimes-toulouse\/\"]}]},{\"@type\":\"BreadcrumbList\",\"@id\":\"https:\/\/vicenzi-avocat.fr\/index.php\/avocat-droit-des-victimes-toulouse\/#breadcrumb\",\"itemListElement\":[{\"@type\":\"ListItem\",\"position\":1,\"name\":\"Accueil\",\"item\":\"https:\/\/vicenzi-avocat.fr\/\"},{\"@type\":\"ListItem\",\"position\":2,\"name\":\"Avocat en droit des victimes \u00e0 Toulouse\"}]},{\"@type\":\"WebSite\",\"@id\":\"https:\/\/vicenzi-avocat.fr\/#website\",\"url\":\"https:\/\/vicenzi-avocat.fr\/\",\"name\":\"Maitre Orora Vicenzi - Avocate au Barreau de Toulouse\",\"description\":\" Avocate au Barreau de Toulouse\",\"publisher\":{\"@id\":\"https:\/\/vicenzi-avocat.fr\/#organization\"},\"potentialAction\":[{\"@type\":\"SearchAction\",\"target\":{\"@type\":\"EntryPoint\",\"urlTemplate\":\"https:\/\/vicenzi-avocat.fr\/?s={search_term_string}\"},\"query-input\":{\"@type\":\"PropertyValueSpecification\",\"valueRequired\":true,\"valueName\":\"search_term_string\"}}],\"inLanguage\":\"fr-FR\"},{\"@type\":\"Organization\",\"@id\":\"https:\/\/vicenzi-avocat.fr\/#organization\",\"name\":\"Maitre Orora Vicenzi - Avocate au Barreau de Toulouse\",\"url\":\"https:\/\/vicenzi-avocat.fr\/\",\"logo\":{\"@type\":\"ImageObject\",\"inLanguage\":\"fr-FR\",\"@id\":\"https:\/\/vicenzi-avocat.fr\/#\/schema\/logo\/image\/\",\"url\":\"https:\/\/vicenzi-avocat.fr\/wp-content\/uploads\/2025\/06\/Logo-Orora-Vicenzi.svg\",\"contentUrl\":\"https:\/\/vicenzi-avocat.fr\/wp-content\/uploads\/2025\/06\/Logo-Orora-Vicenzi.svg\",\"width\":500,\"height\":500,\"caption\":\"Maitre Orora Vicenzi - Avocate au Barreau de Toulouse\"},\"image\":{\"@id\":\"https:\/\/vicenzi-avocat.fr\/#\/schema\/logo\/image\/\"}}]}<\/script>\n<!-- \/ Yoast SEO plugin. -->","yoast_head_json":{"title":"Avocat en droit des victimes \u00e0 Toulouse - Maitre Orora Vicenzi - Avocate au Barreau de Toulouse","description":"Avocat droit des victimes \u00e0 Toulouse. Ma\u00eetre VICENZI vous accompagne pour accidents, agressions et erreurs m\u00e9dicales. Obtenez r\u00e9paration de vos pr\u00e9judices","robots":{"index":"index","follow":"follow","max-snippet":"max-snippet:-1","max-image-preview":"max-image-preview:large","max-video-preview":"max-video-preview:-1"},"canonical":"https:\/\/vicenzi-avocat.fr\/index.php\/avocat-droit-des-victimes-toulouse\/","og_locale":"fr_FR","og_type":"article","og_title":"Avocat en droit des victimes \u00e0 Toulouse - Maitre Orora Vicenzi - Avocate au Barreau de Toulouse","og_description":"Avocat droit des victimes \u00e0 Toulouse. Ma\u00eetre VICENZI vous accompagne pour accidents, agressions et erreurs m\u00e9dicales. Obtenez r\u00e9paration de vos pr\u00e9judices","og_url":"https:\/\/vicenzi-avocat.fr\/index.php\/avocat-droit-des-victimes-toulouse\/","og_site_name":"Maitre Orora Vicenzi - Avocate au Barreau de Toulouse","article_modified_time":"2025-06-09T09:37:25+00:00","twitter_card":"summary_large_image","twitter_misc":{"Dur\u00e9e de lecture estim\u00e9e":"3 minutes"},"schema":{"@context":"https:\/\/schema.org","@graph":[{"@type":"WebPage","@id":"https:\/\/vicenzi-avocat.fr\/index.php\/avocat-droit-des-victimes-toulouse\/","url":"https:\/\/vicenzi-avocat.fr\/index.php\/avocat-droit-des-victimes-toulouse\/","name":"Avocat en droit des victimes \u00e0 Toulouse - Maitre Orora Vicenzi - Avocate au Barreau de Toulouse","isPartOf":{"@id":"https:\/\/vicenzi-avocat.fr\/#website"},"datePublished":"2025-05-01T13:27:08+00:00","dateModified":"2025-06-09T09:37:25+00:00","description":"Avocat droit des victimes \u00e0 Toulouse. Ma\u00eetre VICENZI vous accompagne pour accidents, agressions et erreurs m\u00e9dicales. Obtenez r\u00e9paration de vos pr\u00e9judices","breadcrumb":{"@id":"https:\/\/vicenzi-avocat.fr\/index.php\/avocat-droit-des-victimes-toulouse\/#breadcrumb"},"inLanguage":"fr-FR","potentialAction":[{"@type":"ReadAction","target":["https:\/\/vicenzi-avocat.fr\/index.php\/avocat-droit-des-victimes-toulouse\/"]}]},{"@type":"BreadcrumbList","@id":"https:\/\/vicenzi-avocat.fr\/index.php\/avocat-droit-des-victimes-toulouse\/#breadcrumb","itemListElement":[{"@type":"ListItem","position":1,"name":"Accueil","item":"https:\/\/vicenzi-avocat.fr\/"},{"@type":"ListItem","position":2,"name":"Avocat en droit des victimes \u00e0 Toulouse"}]},{"@type":"WebSite","@id":"https:\/\/vicenzi-avocat.fr\/#website","url":"https:\/\/vicenzi-avocat.fr\/","name":"Maitre Orora Vicenzi - Avocate au Barreau de Toulouse","description":" Avocate au Barreau de Toulouse","publisher":{"@id":"https:\/\/vicenzi-avocat.fr\/#organization"},"potentialAction":[{"@type":"SearchAction","target":{"@type":"EntryPoint","urlTemplate":"https:\/\/vicenzi-avocat.fr\/?s={search_term_string}"},"query-input":{"@type":"PropertyValueSpecification","valueRequired":true,"valueName":"search_term_string"}}],"inLanguage":"fr-FR"},{"@type":"Organization","@id":"https:\/\/vicenzi-avocat.fr\/#organization","name":"Maitre Orora Vicenzi - Avocate au Barreau de Toulouse","url":"https:\/\/vicenzi-avocat.fr\/","logo":{"@type":"ImageObject","inLanguage":"fr-FR","@id":"https:\/\/vicenzi-avocat.fr\/#\/schema\/logo\/image\/","url":"https:\/\/vicenzi-avocat.fr\/wp-content\/uploads\/2025\/06\/Logo-Orora-Vicenzi.svg","contentUrl":"https:\/\/vicenzi-avocat.fr\/wp-content\/uploads\/2025\/06\/Logo-Orora-Vicenzi.svg","width":500,"height":500,"caption":"Maitre Orora Vicenzi - Avocate au Barreau de Toulouse"},"image":{"@id":"https:\/\/vicenzi-avocat.fr\/#\/schema\/logo\/image\/"}}]}},"_links":{"self":[{"href":"https:\/\/vicenzi-avocat.fr\/index.php\/wp-json\/wp\/v2\/pages\/105","targetHints":{"allow":["GET"]}}],"collection":[{"href":"https:\/\/vicenzi-avocat.fr\/index.php\/wp-json\/wp\/v2\/pages"}],"about":[{"href":"https:\/\/vicenzi-avocat.fr\/index.php\/wp-json\/wp\/v2\/types\/page"}],"author":[{"embeddable":true,"href":"https:\/\/vicenzi-avocat.fr\/index.php\/wp-json\/wp\/v2\/users\/2"}],"replies":[{"embeddable":true,"href":"https:\/\/vicenzi-avocat.fr\/index.php\/wp-json\/wp\/v2\/comments?post=105"}],"version-history":[{"count":36,"href":"https:\/\/vicenzi-avocat.fr\/index.php\/wp-json\/wp\/v2\/pages\/105\/revisions"}],"predecessor-version":[{"id":240,"href":"https:\/\/vicenzi-avocat.fr\/index.php\/wp-json\/wp\/v2\/pages\/105\/revisions\/240"}],"wp:attachment":[{"href":"https:\/\/vicenzi-avocat.fr\/index.php\/wp-json\/wp\/v2\/media?parent=105"}],"curies":[{"name":"wp","href":"https:\/\/api.w.org\/{rel}","templated":true}]}}